{"id":62,"date":"2022-05-07T18:09:35","date_gmt":"2022-05-07T16:09:35","guid":{"rendered":"http:\/\/svsl.de\/wordpress\/?page_id=62"},"modified":"2024-11-26T14:44:05","modified_gmt":"2024-11-26T13:44:05","slug":"svsl-intern","status":"publish","type":"page","link":"https:\/\/svsl.de\/wordpress\/svsl-intern\/","title":{"rendered":"SVSL intern"},"content":{"rendered":"<h2 class=\"title2\">Dokumente f\u00fcr Mitglieder des SVSL und Interessenten<\/h2>\n<p><a href=\"https:\/\/svsl.de\/wordpress\/wp-content\/uploads\/svsl_preisbeispiele.pdf\">SVSL Preisbeispiele<\/a>\u00a0 sofern wir Interesse f\u00fcr den SVSL geweckt haben kommst du hier zum <a href=\"https:\/\/svsl.de\/wordpress\/wp-content\/uploads\/Aufnahmeantrag_dsgvo.pdf\">Aufnahmeantrag<\/a><\/p>\n<p>Die folgenden Dokumente sind kennwortgesch\u00fctzt und nur f\u00fcr Mitglieder des SVSL bestimmt:<\/p>\n<ul>\n<li><a href=\"https:\/\/svsl.de\/uploads\/intern\/mitgliederliste.pdf\" target=\"_blank\" rel=\"noopener\">Mitgliederliste des SVSL<\/a><\/li>\n<li><a href=\"https:\/\/svsl.de\/uploads\/intern\/arbeitsgruppen.pdf\">Arbeitsgruppenaufstellung<\/a><\/li>\n<li><a href=\"https:\/\/svsl.de\/uploads\/intern\/satzung.pdf\" target=\"blank\" rel=\"noopener\">Satzung<\/a><\/li>\n<li><a href=\"https:\/\/svsl.de\/uploads\/intern\/gebuehrenordnung.pdf\" target=\"blank\" rel=\"noopener\">Geb\u00fchrenordnung<\/a><\/li>\n<li><a href=\"https:\/\/svsl.de\/uploads\/intern\/stegplan.pdf\" target=\"blank\" rel=\"noopener\">Stegplan<\/a><\/li>\n<\/ul>\n<p>Die Zugangsdaten\u00a0zu diesen Dokumenten erhaltet Ihr beim\u00a0<a href=\"https:\/\/svsl.de\/wordpress\/vorstand\/\">gesch\u00e4ftsf\u00fchrenden Vorstand<\/a>.<\/p>\n<hr \/>\n<h2>SVSL-Vereinskleidung bestellen<\/h2>\n<p>Hier k\u00f6nnt Ihr Kleidung mit dem SVSL-Logo bestellen: <a href=\"https:\/\/www.sailshirt.com\/k\/segelvereine\/svsl\/\" target=\"_blank\" rel=\"noopener\">https:\/\/www.sailshirt.com\/k\/segelvereine\/svsl\/<\/a><\/p>\n","protected":false},"excerpt":{"rendered":"<p>Dokumente f\u00fcr Mitglieder des SVSL und Interessenten SVSL Preisbeispiele\u00a0 sofern wir Interesse f\u00fcr den SVSL geweckt haben kommst du hier zum Aufnahmeantrag Die folgenden Dokumente sind kennwortgesch\u00fctzt und nur f\u00fcr Mitglieder des SVSL bestimmt: Mitgliederliste des SVSL Arbeitsgruppenaufstellung Satzung Geb\u00fchrenordnung Stegplan Die Zugangsdaten\u00a0zu diesen Dokumenten erhaltet Ihr beim\u00a0gesch\u00e4ftsf\u00fchrenden Vorstand. SVSL-Vereinskleidung bestellen Hier k\u00f6nnt Ihr Kleidung&#8230;<a class=\"read-more-link button\" href=\"https:\/\/svsl.de\/wordpress\/svsl-intern\/\">Read more<\/a><\/p>\n","protected":false},"author":1,"featured_media":0,"parent":0,"menu_order":0,"comment_status":"closed","ping_status":"closed","template":"","meta":{"ngg_post_thumbnail":0,"footnotes":""},"class_list":["post-62","page","type-page","status-publish","hentry"],"yoast_head":"<!-- This site is optimized with the Yoast SEO plugin v27.5 - https:\/\/yoast.com\/product\/yoast-seo-wordpress\/ -->\n<title>SVSL intern - SVSL<\/title>\n<meta name=\"robots\" content=\"noindex, nofollow\" \/>\n<meta property=\"og:locale\" content=\"de_DE\" \/>\n<meta property=\"og:type\" content=\"article\" \/>\n<meta property=\"og:title\" content=\"SVSL intern - SVSL\" \/>\n<meta property=\"og:description\" content=\"Dokumente f\u00fcr Mitglieder des SVSL und Interessenten SVSL Preisbeispiele\u00a0 sofern wir Interesse f\u00fcr den SVSL geweckt haben kommst du hier zum Aufnahmeantrag Die folgenden Dokumente sind kennwortgesch\u00fctzt und nur f\u00fcr Mitglieder des SVSL bestimmt: Mitgliederliste des SVSL Arbeitsgruppenaufstellung Satzung Geb\u00fchrenordnung Stegplan Die Zugangsdaten\u00a0zu diesen Dokumenten erhaltet Ihr beim\u00a0gesch\u00e4ftsf\u00fchrenden Vorstand. SVSL-Vereinskleidung bestellen Hier k\u00f6nnt Ihr Kleidung...Read more\" \/>\n<meta property=\"og:url\" content=\"https:\/\/svsl.de\/wordpress\/svsl-intern\/\" \/>\n<meta property=\"og:site_name\" content=\"SVSL\" \/>\n<meta property=\"article:modified_time\" content=\"2024-11-26T13:44:05+00:00\" \/>\n<meta name=\"twitter:card\" content=\"summary_large_image\" \/>\n<script type=\"application\/ld+json\" class=\"yoast-schema-graph\">{\"@context\":\"https:\\\/\\\/schema.org\",\"@graph\":[{\"@type\":\"WebPage\",\"@id\":\"https:\\\/\\\/svsl.de\\\/wordpress\\\/svsl-intern\\\/\",\"url\":\"https:\\\/\\\/svsl.de\\\/wordpress\\\/svsl-intern\\\/\",\"name\":\"SVSL intern - SVSL\",\"isPartOf\":{\"@id\":\"https:\\\/\\\/svsl.de\\\/wordpress\\\/#website\"},\"datePublished\":\"2022-05-07T16:09:35+00:00\",\"dateModified\":\"2024-11-26T13:44:05+00:00\",\"breadcrumb\":{\"@id\":\"https:\\\/\\\/svsl.de\\\/wordpress\\\/svsl-intern\\\/#breadcrumb\"},\"inLanguage\":\"de\",\"potentialAction\":[{\"@type\":\"ReadAction\",\"target\":[\"https:\\\/\\\/svsl.de\\\/wordpress\\\/svsl-intern\\\/\"]}]},{\"@type\":\"BreadcrumbList\",\"@id\":\"https:\\\/\\\/svsl.de\\\/wordpress\\\/svsl-intern\\\/#breadcrumb\",\"itemListElement\":[{\"@type\":\"ListItem\",\"position\":1,\"name\":\"Startseite\",\"item\":\"https:\\\/\\\/svsl.de\\\/wordpress\\\/\"},{\"@type\":\"ListItem\",\"position\":2,\"name\":\"SVSL intern\"}]},{\"@type\":\"WebSite\",\"@id\":\"https:\\\/\\\/svsl.de\\\/wordpress\\\/#website\",\"url\":\"https:\\\/\\\/svsl.de\\\/wordpress\\\/\",\"name\":\"SVSL\",\"description\":\"Segler Verein Scharfe Lanke e. V.\",\"publisher\":{\"@id\":\"https:\\\/\\\/svsl.de\\\/wordpress\\\/#organization\"},\"potentialAction\":[{\"@type\":\"SearchAction\",\"target\":{\"@type\":\"EntryPoint\",\"urlTemplate\":\"https:\\\/\\\/svsl.de\\\/wordpress\\\/?s={search_term_string}\"},\"query-input\":{\"@type\":\"PropertyValueSpecification\",\"valueRequired\":true,\"valueName\":\"search_term_string\"}}],\"inLanguage\":\"de\"},{\"@type\":\"Organization\",\"@id\":\"https:\\\/\\\/svsl.de\\\/wordpress\\\/#organization\",\"name\":\"SVSL - Segler Verein Scharfe Lanke e. V.\",\"url\":\"https:\\\/\\\/svsl.de\\\/wordpress\\\/\",\"logo\":{\"@type\":\"ImageObject\",\"inLanguage\":\"de\",\"@id\":\"https:\\\/\\\/svsl.de\\\/wordpress\\\/#\\\/schema\\\/logo\\\/image\\\/\",\"url\":\"https:\\\/\\\/svsl.de\\\/wordpress\\\/wp-content\\\/uploads\\\/2022\\\/05\\\/Logo.gif\",\"contentUrl\":\"https:\\\/\\\/svsl.de\\\/wordpress\\\/wp-content\\\/uploads\\\/2022\\\/05\\\/Logo.gif\",\"width\":250,\"height\":250,\"caption\":\"SVSL - Segler Verein Scharfe Lanke e. V.\"},\"image\":{\"@id\":\"https:\\\/\\\/svsl.de\\\/wordpress\\\/#\\\/schema\\\/logo\\\/image\\\/\"}}]}<\/script>\n<!-- \/ Yoast SEO plugin. -->","yoast_head_json":{"title":"SVSL intern - SVSL","robots":{"index":"noindex","follow":"nofollow"},"og_locale":"de_DE","og_type":"article","og_title":"SVSL intern - SVSL","og_description":"Dokumente f\u00fcr Mitglieder des SVSL und Interessenten SVSL Preisbeispiele\u00a0 sofern wir Interesse f\u00fcr den SVSL geweckt haben kommst du hier zum Aufnahmeantrag Die folgenden Dokumente sind kennwortgesch\u00fctzt und nur f\u00fcr Mitglieder des SVSL bestimmt: Mitgliederliste des SVSL Arbeitsgruppenaufstellung Satzung Geb\u00fchrenordnung Stegplan Die Zugangsdaten\u00a0zu diesen Dokumenten erhaltet Ihr beim\u00a0gesch\u00e4ftsf\u00fchrenden Vorstand. SVSL-Vereinskleidung bestellen Hier k\u00f6nnt Ihr Kleidung...Read more","og_url":"https:\/\/svsl.de\/wordpress\/svsl-intern\/","og_site_name":"SVSL","article_modified_time":"2024-11-26T13:44:05+00:00","twitter_card":"summary_large_image","schema":{"@context":"https:\/\/schema.org","@graph":[{"@type":"WebPage","@id":"https:\/\/svsl.de\/wordpress\/svsl-intern\/","url":"https:\/\/svsl.de\/wordpress\/svsl-intern\/","name":"SVSL intern - SVSL","isPartOf":{"@id":"https:\/\/svsl.de\/wordpress\/#website"},"datePublished":"2022-05-07T16:09:35+00:00","dateModified":"2024-11-26T13:44:05+00:00","breadcrumb":{"@id":"https:\/\/svsl.de\/wordpress\/svsl-intern\/#breadcrumb"},"inLanguage":"de","potentialAction":[{"@type":"ReadAction","target":["https:\/\/svsl.de\/wordpress\/svsl-intern\/"]}]},{"@type":"BreadcrumbList","@id":"https:\/\/svsl.de\/wordpress\/svsl-intern\/#breadcrumb","itemListElement":[{"@type":"ListItem","position":1,"name":"Startseite","item":"https:\/\/svsl.de\/wordpress\/"},{"@type":"ListItem","position":2,"name":"SVSL intern"}]},{"@type":"WebSite","@id":"https:\/\/svsl.de\/wordpress\/#website","url":"https:\/\/svsl.de\/wordpress\/","name":"SVSL","description":"Segler Verein Scharfe Lanke e. V.","publisher":{"@id":"https:\/\/svsl.de\/wordpress\/#organization"},"potentialAction":[{"@type":"SearchAction","target":{"@type":"EntryPoint","urlTemplate":"https:\/\/svsl.de\/wordpress\/?s={search_term_string}"},"query-input":{"@type":"PropertyValueSpecification","valueRequired":true,"valueName":"search_term_string"}}],"inLanguage":"de"},{"@type":"Organization","@id":"https:\/\/svsl.de\/wordpress\/#organization","name":"SVSL - Segler Verein Scharfe Lanke e. V.","url":"https:\/\/svsl.de\/wordpress\/","logo":{"@type":"ImageObject","inLanguage":"de","@id":"https:\/\/svsl.de\/wordpress\/#\/schema\/logo\/image\/","url":"https:\/\/svsl.de\/wordpress\/wp-content\/uploads\/2022\/05\/Logo.gif","contentUrl":"https:\/\/svsl.de\/wordpress\/wp-content\/uploads\/2022\/05\/Logo.gif","width":250,"height":250,"caption":"SVSL - Segler Verein Scharfe Lanke e. V."},"image":{"@id":"https:\/\/svsl.de\/wordpress\/#\/schema\/logo\/image\/"}}]}},"_links":{"self":[{"href":"https:\/\/svsl.de\/wordpress\/wp-json\/wp\/v2\/pages\/62","targetHints":{"allow":["GET"]}}],"collection":[{"href":"https:\/\/svsl.de\/wordpress\/wp-json\/wp\/v2\/pages"}],"about":[{"href":"https:\/\/svsl.de\/wordpress\/wp-json\/wp\/v2\/types\/page"}],"author":[{"embeddable":true,"href":"https:\/\/svsl.de\/wordpress\/wp-json\/wp\/v2\/users\/1"}],"replies":[{"embeddable":true,"href":"https:\/\/svsl.de\/wordpress\/wp-json\/wp\/v2\/comments?post=62"}],"version-history":[{"count":13,"href":"https:\/\/svsl.de\/wordpress\/wp-json\/wp\/v2\/pages\/62\/revisions"}],"predecessor-version":[{"id":782,"href":"https:\/\/svsl.de\/wordpress\/wp-json\/wp\/v2\/pages\/62\/revisions\/782"}],"wp:attachment":[{"href":"https:\/\/svsl.de\/wordpress\/wp-json\/wp\/v2\/media?parent=62"}],"curies":[{"name":"wp","href":"https:\/\/api.w.org\/{rel}","templated":true}]}}