{"id":53,"date":"2022-05-07T17:54:10","date_gmt":"2022-05-07T15:54:10","guid":{"rendered":"http:\/\/svsl.de\/wordpress\/?page_id=53"},"modified":"2025-07-06T00:03:04","modified_gmt":"2025-07-05T22:03:04","slug":"bootsliegeplaetze-winterlager-spandau-unterhavel","status":"publish","type":"page","link":"https:\/\/svsl.de\/wordpress\/bootsliegeplaetze-winterlager-spandau-unterhavel\/","title":{"rendered":"Wasserliegepl\u00e4tze &#038; Winterlager"},"content":{"rendered":"<h2>Wasserliegepl\u00e4tze<\/h2>\n<p>Stegpl\u00e4tze f\u00fcr&nbsp;<strong>Segelboote<\/strong>&nbsp;vergibt der&nbsp;<a href=\"https:\/\/svsl.de\/wordpress\/vorstand\/\">Vorstand des SVSL<\/a>&nbsp;auf&nbsp;<a href=\"mailto:svsl@svsl.de?subject=Anfrage%20nach%20einem%20Stegplatz%20beim%20SVSL\">Anfrage<\/a>. <strong>Aktuell sind alle Stegpl\u00e4tze belegt.&nbsp;<\/strong><\/p>\n<p><strong>Motorboote<\/strong>&nbsp;k\u00f6nnen wir derzeit leider nicht aufnehmen.<\/p>\n<h2>Bedingungen f\u00fcr Winterlagerpl\u00e4tze<\/h2>\n<ul>\n<li>Du bist ordentliches Mitglied in einem Wassersportverein e. V.<\/li>\n<li>Bootsl\u00e4nge max. 30 Fu\u00df, das max. Gewicht etwa 5,5 Tonnen, eigener Bootstrailer<\/li>\n<li>Dein Boot hat eine Haftpflichtversicherung, die das Winterlager einschlie\u00dft (die Kopie wird im SVSL hinterlegt)<\/li>\n<li>Dein Trailer ist f\u00fcr die sichere Aufnahme Deines Bootes geeignet<\/li>\n<li>Beim Auf- und Abslippen\/-Kranen deines Bootes helfen Dir Freunde (z. B. Trailer schieben)<\/li>\n<li>Das Kranen geschieht auf eigene Gefahr<\/li>\n<li>Du akzeptierst die Umweltrichlinien des SVSL (insbesondere bei Arbeiten am Schiff)<\/li>\n<\/ul>\n","protected":false},"excerpt":{"rendered":"<p>Wasserliegepl\u00e4tze Stegpl\u00e4tze f\u00fcr&nbsp;Segelboote&nbsp;vergibt der&nbsp;Vorstand des SVSL&nbsp;auf&nbsp;Anfrage. Aktuell sind alle Stegpl\u00e4tze belegt.&nbsp; Motorboote&nbsp;k\u00f6nnen wir derzeit leider nicht aufnehmen. Bedingungen f\u00fcr Winterlagerpl\u00e4tze Du bist ordentliches Mitglied in einem Wassersportverein e. V. Bootsl\u00e4nge max. 30 Fu\u00df, das max. Gewicht etwa 5,5 Tonnen, eigener Bootstrailer Dein Boot hat eine Haftpflichtversicherung, die das Winterlager einschlie\u00dft (die Kopie wird im SVSL&#8230;<a class=\"read-more-link button\" href=\"https:\/\/svsl.de\/wordpress\/bootsliegeplaetze-winterlager-spandau-unterhavel\/\">Read more<\/a><\/p>\n","protected":false},"author":1,"featured_media":0,"parent":0,"menu_order":0,"comment_status":"closed","ping_status":"closed","template":"","meta":{"ngg_post_thumbnail":0,"footnotes":""},"class_list":["post-53","page","type-page","status-publish","hentry"],"yoast_head":"<!-- This site is optimized with the Yoast SEO plugin v27.5 - https:\/\/yoast.com\/product\/yoast-seo-wordpress\/ -->\n<title>Wasserliegepl\u00e4tze &amp; Winterlager - SVSL<\/title>\n<meta name=\"description\" content=\"Stegpl\u00e4tze f\u00fcr Segelboote (Wasserliegepl\u00e4tze) und Winterlager an der Scharfen Lanke in Berlin-Spandau im Segelverein\" \/>\n<meta name=\"robots\" content=\"index, follow, max-snippet:-1, max-image-preview:large, max-video-preview:-1\" \/>\n<link rel=\"canonical\" href=\"https:\/\/svsl.de\/wordpress\/bootsliegeplaetze-winterlager-spandau-unterhavel\/\" \/>\n<meta property=\"og:locale\" content=\"de_DE\" \/>\n<meta property=\"og:type\" content=\"article\" \/>\n<meta property=\"og:title\" content=\"Wasserliegepl\u00e4tze &amp; Winterlager - SVSL\" \/>\n<meta property=\"og:description\" content=\"Stegpl\u00e4tze f\u00fcr Segelboote (Wasserliegepl\u00e4tze) und Winterlager an der Scharfen Lanke in Berlin-Spandau im Segelverein\" \/>\n<meta property=\"og:url\" content=\"https:\/\/svsl.de\/wordpress\/bootsliegeplaetze-winterlager-spandau-unterhavel\/\" \/>\n<meta property=\"og:site_name\" content=\"SVSL\" \/>\n<meta property=\"article:modified_time\" content=\"2025-07-05T22:03:04+00:00\" \/>\n<meta name=\"twitter:card\" content=\"summary_large_image\" \/>\n<meta name=\"twitter:label1\" content=\"Gesch\u00e4tzte Lesezeit\" \/>\n\t<meta name=\"twitter:data1\" content=\"1\u00a0Minute\" \/>\n<script type=\"application\/ld+json\" class=\"yoast-schema-graph\">{\"@context\":\"https:\\\/\\\/schema.org\",\"@graph\":[{\"@type\":\"WebPage\",\"@id\":\"https:\\\/\\\/svsl.de\\\/wordpress\\\/bootsliegeplaetze-winterlager-spandau-unterhavel\\\/\",\"url\":\"https:\\\/\\\/svsl.de\\\/wordpress\\\/bootsliegeplaetze-winterlager-spandau-unterhavel\\\/\",\"name\":\"Wasserliegepl\u00e4tze & Winterlager - SVSL\",\"isPartOf\":{\"@id\":\"https:\\\/\\\/svsl.de\\\/wordpress\\\/#website\"},\"datePublished\":\"2022-05-07T15:54:10+00:00\",\"dateModified\":\"2025-07-05T22:03:04+00:00\",\"description\":\"Stegpl\u00e4tze f\u00fcr Segelboote (Wasserliegepl\u00e4tze) und Winterlager an der Scharfen Lanke in Berlin-Spandau im Segelverein\",\"breadcrumb\":{\"@id\":\"https:\\\/\\\/svsl.de\\\/wordpress\\\/bootsliegeplaetze-winterlager-spandau-unterhavel\\\/#breadcrumb\"},\"inLanguage\":\"de\",\"potentialAction\":[{\"@type\":\"ReadAction\",\"target\":[\"https:\\\/\\\/svsl.de\\\/wordpress\\\/bootsliegeplaetze-winterlager-spandau-unterhavel\\\/\"]}]},{\"@type\":\"BreadcrumbList\",\"@id\":\"https:\\\/\\\/svsl.de\\\/wordpress\\\/bootsliegeplaetze-winterlager-spandau-unterhavel\\\/#breadcrumb\",\"itemListElement\":[{\"@type\":\"ListItem\",\"position\":1,\"name\":\"Startseite\",\"item\":\"https:\\\/\\\/svsl.de\\\/wordpress\\\/\"},{\"@type\":\"ListItem\",\"position\":2,\"name\":\"Wasserliegepl\u00e4tze &#038; Winterlager\"}]},{\"@type\":\"WebSite\",\"@id\":\"https:\\\/\\\/svsl.de\\\/wordpress\\\/#website\",\"url\":\"https:\\\/\\\/svsl.de\\\/wordpress\\\/\",\"name\":\"SVSL\",\"description\":\"Segler Verein Scharfe Lanke e. V.\",\"publisher\":{\"@id\":\"https:\\\/\\\/svsl.de\\\/wordpress\\\/#organization\"},\"potentialAction\":[{\"@type\":\"SearchAction\",\"target\":{\"@type\":\"EntryPoint\",\"urlTemplate\":\"https:\\\/\\\/svsl.de\\\/wordpress\\\/?s={search_term_string}\"},\"query-input\":{\"@type\":\"PropertyValueSpecification\",\"valueRequired\":true,\"valueName\":\"search_term_string\"}}],\"inLanguage\":\"de\"},{\"@type\":\"Organization\",\"@id\":\"https:\\\/\\\/svsl.de\\\/wordpress\\\/#organization\",\"name\":\"SVSL - Segler Verein Scharfe Lanke e. V.\",\"url\":\"https:\\\/\\\/svsl.de\\\/wordpress\\\/\",\"logo\":{\"@type\":\"ImageObject\",\"inLanguage\":\"de\",\"@id\":\"https:\\\/\\\/svsl.de\\\/wordpress\\\/#\\\/schema\\\/logo\\\/image\\\/\",\"url\":\"https:\\\/\\\/svsl.de\\\/wordpress\\\/wp-content\\\/uploads\\\/2022\\\/05\\\/Logo.gif\",\"contentUrl\":\"https:\\\/\\\/svsl.de\\\/wordpress\\\/wp-content\\\/uploads\\\/2022\\\/05\\\/Logo.gif\",\"width\":250,\"height\":250,\"caption\":\"SVSL - Segler Verein Scharfe Lanke e. V.\"},\"image\":{\"@id\":\"https:\\\/\\\/svsl.de\\\/wordpress\\\/#\\\/schema\\\/logo\\\/image\\\/\"}}]}<\/script>\n<!-- \/ Yoast SEO plugin. -->","yoast_head_json":{"title":"Wasserliegepl\u00e4tze & Winterlager - SVSL","description":"Stegpl\u00e4tze f\u00fcr Segelboote (Wasserliegepl\u00e4tze) und Winterlager an der Scharfen Lanke in Berlin-Spandau im Segelverein","robots":{"index":"index","follow":"follow","max-snippet":"max-snippet:-1","max-image-preview":"max-image-preview:large","max-video-preview":"max-video-preview:-1"},"canonical":"https:\/\/svsl.de\/wordpress\/bootsliegeplaetze-winterlager-spandau-unterhavel\/","og_locale":"de_DE","og_type":"article","og_title":"Wasserliegepl\u00e4tze & Winterlager - SVSL","og_description":"Stegpl\u00e4tze f\u00fcr Segelboote (Wasserliegepl\u00e4tze) und Winterlager an der Scharfen Lanke in Berlin-Spandau im Segelverein","og_url":"https:\/\/svsl.de\/wordpress\/bootsliegeplaetze-winterlager-spandau-unterhavel\/","og_site_name":"SVSL","article_modified_time":"2025-07-05T22:03:04+00:00","twitter_card":"summary_large_image","twitter_misc":{"Gesch\u00e4tzte Lesezeit":"1\u00a0Minute"},"schema":{"@context":"https:\/\/schema.org","@graph":[{"@type":"WebPage","@id":"https:\/\/svsl.de\/wordpress\/bootsliegeplaetze-winterlager-spandau-unterhavel\/","url":"https:\/\/svsl.de\/wordpress\/bootsliegeplaetze-winterlager-spandau-unterhavel\/","name":"Wasserliegepl\u00e4tze & Winterlager - SVSL","isPartOf":{"@id":"https:\/\/svsl.de\/wordpress\/#website"},"datePublished":"2022-05-07T15:54:10+00:00","dateModified":"2025-07-05T22:03:04+00:00","description":"Stegpl\u00e4tze f\u00fcr Segelboote (Wasserliegepl\u00e4tze) und Winterlager an der Scharfen Lanke in Berlin-Spandau im Segelverein","breadcrumb":{"@id":"https:\/\/svsl.de\/wordpress\/bootsliegeplaetze-winterlager-spandau-unterhavel\/#breadcrumb"},"inLanguage":"de","potentialAction":[{"@type":"ReadAction","target":["https:\/\/svsl.de\/wordpress\/bootsliegeplaetze-winterlager-spandau-unterhavel\/"]}]},{"@type":"BreadcrumbList","@id":"https:\/\/svsl.de\/wordpress\/bootsliegeplaetze-winterlager-spandau-unterhavel\/#breadcrumb","itemListElement":[{"@type":"ListItem","position":1,"name":"Startseite","item":"https:\/\/svsl.de\/wordpress\/"},{"@type":"ListItem","position":2,"name":"Wasserliegepl\u00e4tze &#038; Winterlager"}]},{"@type":"WebSite","@id":"https:\/\/svsl.de\/wordpress\/#website","url":"https:\/\/svsl.de\/wordpress\/","name":"SVSL","description":"Segler Verein Scharfe Lanke e. V.","publisher":{"@id":"https:\/\/svsl.de\/wordpress\/#organization"},"potentialAction":[{"@type":"SearchAction","target":{"@type":"EntryPoint","urlTemplate":"https:\/\/svsl.de\/wordpress\/?s={search_term_string}"},"query-input":{"@type":"PropertyValueSpecification","valueRequired":true,"valueName":"search_term_string"}}],"inLanguage":"de"},{"@type":"Organization","@id":"https:\/\/svsl.de\/wordpress\/#organization","name":"SVSL - Segler Verein Scharfe Lanke e. V.","url":"https:\/\/svsl.de\/wordpress\/","logo":{"@type":"ImageObject","inLanguage":"de","@id":"https:\/\/svsl.de\/wordpress\/#\/schema\/logo\/image\/","url":"https:\/\/svsl.de\/wordpress\/wp-content\/uploads\/2022\/05\/Logo.gif","contentUrl":"https:\/\/svsl.de\/wordpress\/wp-content\/uploads\/2022\/05\/Logo.gif","width":250,"height":250,"caption":"SVSL - Segler Verein Scharfe Lanke e. V."},"image":{"@id":"https:\/\/svsl.de\/wordpress\/#\/schema\/logo\/image\/"}}]}},"_links":{"self":[{"href":"https:\/\/svsl.de\/wordpress\/wp-json\/wp\/v2\/pages\/53","targetHints":{"allow":["GET"]}}],"collection":[{"href":"https:\/\/svsl.de\/wordpress\/wp-json\/wp\/v2\/pages"}],"about":[{"href":"https:\/\/svsl.de\/wordpress\/wp-json\/wp\/v2\/types\/page"}],"author":[{"embeddable":true,"href":"https:\/\/svsl.de\/wordpress\/wp-json\/wp\/v2\/users\/1"}],"replies":[{"embeddable":true,"href":"https:\/\/svsl.de\/wordpress\/wp-json\/wp\/v2\/comments?post=53"}],"version-history":[{"count":6,"href":"https:\/\/svsl.de\/wordpress\/wp-json\/wp\/v2\/pages\/53\/revisions"}],"predecessor-version":[{"id":856,"href":"https:\/\/svsl.de\/wordpress\/wp-json\/wp\/v2\/pages\/53\/revisions\/856"}],"wp:attachment":[{"href":"https:\/\/svsl.de\/wordpress\/wp-json\/wp\/v2\/media?parent=53"}],"curies":[{"name":"wp","href":"https:\/\/api.w.org\/{rel}","templated":true}]}}