{"id":51,"date":"2022-05-07T17:52:49","date_gmt":"2022-05-07T15:52:49","guid":{"rendered":"http:\/\/svsl.de\/wordpress\/?page_id=51"},"modified":"2022-05-29T18:03:45","modified_gmt":"2022-05-29T16:03:45","slug":"segelkurse","status":"publish","type":"page","link":"https:\/\/svsl.de\/wordpress\/segelkurse\/","title":{"rendered":"Segelkurse"},"content":{"rendered":"<h2>Segelkurse beim SVSL<\/h2>\n<p><strong>Ausbildung: Sportbootf\u00fchrerscheine Binnen &amp; See<\/strong><br \/>\nBeim SVSL kann man Segeln lernen! Immer im Winterhalbjahr finden Theoriekurse f\u00fcr die Sportbootf\u00fchrerscheine statt. Die Praxisausbildung f\u00fchren wir im Sommerhalbjahr auf Jollen oder Kielbooten durch.<\/p>\n<h2>Welchen F\u00fchrerschein ben\u00f6tige ich wof\u00fcr?<\/h2>\n<p><strong>Sportbootf\u00fchrerschein Binnen<\/strong><br \/>\nWollen Sie ein&nbsp;Motorboot&nbsp;fahren (Antriebsleistung mehr als 15 PS, L\u00e4nge weniger als 20 m), dann ist der&nbsp;Sportbootf\u00fchrerschein-Binnen mit der Antriebsart &#8222;Motor&#8220;&nbsp;zwingend vorgeschrieben.<\/p>\n<p>M\u00f6chten Sie Segeln, dann ben\u00f6tigen Sie auf einigen Gew\u00e4ssern den amtlichen Sportbootf\u00fchrerschein Binnen mit der Antriebsart &#8222;Segeln&#8220; (zwingend vorgeschrieben auf Berliner Gew\u00e4ssern ab 6 qm Segelfl\u00e4che).<\/p>\n<p>Mindestalter: Motorbootfahren: 16 Jahre \/ Segeln: 14 Jahre<\/p>\n<p><strong>Sportbootf\u00fchrerschein See<\/strong><br \/>\nInnerhalb der 3 Seemeilenzone ist vom Bundesverkehrsministerium&nbsp;f\u00fcr Segelyachten und f\u00fcr Motorboote mit mehr als 15 PS Antriebsleistung&nbsp;der amtliche&nbsp;Sportbootf\u00fchrerschein See&nbsp;vorgeschrieben.<\/p>\n<p>Mindestalter: 16 Jahre, Kinder d\u00fcrfen im K\u00fcstenbereich unter Aufsicht Motorboote mit einer Antriebsleistung von bis zu 5 PS fahren<\/p>\n<h2>Wo kann ich mehr erfahren und mich anmelden?<\/h2>\n<p>Bei Interesse bitte Kontakt aufnehmen.<br \/>\nMehr Infos bei unserem <a href=\"https:\/\/svsl.de\/wordpress\/vorstand\/\">gesch\u00e4ftsf\u00fchrenden Vorstand<\/a>.<\/p>\n","protected":false},"excerpt":{"rendered":"<p>Segelkurse beim SVSL Ausbildung: Sportbootf\u00fchrerscheine Binnen &amp; See Beim SVSL kann man Segeln lernen! Immer im Winterhalbjahr finden Theoriekurse f\u00fcr die Sportbootf\u00fchrerscheine statt. Die Praxisausbildung f\u00fchren wir im Sommerhalbjahr auf Jollen oder Kielbooten durch. Welchen F\u00fchrerschein ben\u00f6tige ich wof\u00fcr? Sportbootf\u00fchrerschein Binnen Wollen Sie ein&nbsp;Motorboot&nbsp;fahren (Antriebsleistung mehr als 15 PS, L\u00e4nge weniger als 20 m), dann&#8230;<a class=\"read-more-link button\" href=\"https:\/\/svsl.de\/wordpress\/segelkurse\/\">Read more<\/a><\/p>\n","protected":false},"author":1,"featured_media":0,"parent":0,"menu_order":0,"comment_status":"closed","ping_status":"closed","template":"","meta":{"ngg_post_thumbnail":0,"footnotes":""},"class_list":["post-51","page","type-page","status-publish","hentry"],"yoast_head":"<!-- This site is optimized with the Yoast SEO plugin v27.4 - https:\/\/yoast.com\/product\/yoast-seo-wordpress\/ -->\n<title>Segelkurse - SVSL<\/title>\n<meta name=\"description\" content=\"Im SVSL, dem Seglerverein Scharfe Lanke e. V in Berlin-Spandau gibt es regelm\u00e4\u00dfig Segelkurse f\u00fcr die Sportbootf\u00fchrerscheine Binnen &amp; See.\" \/>\n<meta name=\"robots\" content=\"index, follow, max-snippet:-1, max-image-preview:large, max-video-preview:-1\" \/>\n<link rel=\"canonical\" href=\"https:\/\/svsl.de\/wordpress\/segelkurse\/\" \/>\n<meta property=\"og:locale\" content=\"de_DE\" \/>\n<meta property=\"og:type\" content=\"article\" \/>\n<meta property=\"og:title\" content=\"Segelkurse - SVSL\" \/>\n<meta property=\"og:description\" content=\"Im SVSL, dem Seglerverein Scharfe Lanke e. V in Berlin-Spandau gibt es regelm\u00e4\u00dfig Segelkurse f\u00fcr die Sportbootf\u00fchrerscheine Binnen &amp; See.\" \/>\n<meta property=\"og:url\" content=\"https:\/\/svsl.de\/wordpress\/segelkurse\/\" \/>\n<meta property=\"og:site_name\" content=\"SVSL\" \/>\n<meta property=\"article:modified_time\" content=\"2022-05-29T16:03:45+00:00\" \/>\n<meta name=\"twitter:card\" content=\"summary_large_image\" \/>\n<meta name=\"twitter:label1\" content=\"Gesch\u00e4tzte Lesezeit\" \/>\n\t<meta name=\"twitter:data1\" content=\"1\u00a0Minute\" \/>\n<script type=\"application\/ld+json\" class=\"yoast-schema-graph\">{\"@context\":\"https:\\\/\\\/schema.org\",\"@graph\":[{\"@type\":\"WebPage\",\"@id\":\"https:\\\/\\\/svsl.de\\\/wordpress\\\/segelkurse\\\/\",\"url\":\"https:\\\/\\\/svsl.de\\\/wordpress\\\/segelkurse\\\/\",\"name\":\"Segelkurse - SVSL\",\"isPartOf\":{\"@id\":\"https:\\\/\\\/svsl.de\\\/wordpress\\\/#website\"},\"datePublished\":\"2022-05-07T15:52:49+00:00\",\"dateModified\":\"2022-05-29T16:03:45+00:00\",\"description\":\"Im SVSL, dem Seglerverein Scharfe Lanke e. V in Berlin-Spandau gibt es regelm\u00e4\u00dfig Segelkurse f\u00fcr die Sportbootf\u00fchrerscheine Binnen & See.\",\"breadcrumb\":{\"@id\":\"https:\\\/\\\/svsl.de\\\/wordpress\\\/segelkurse\\\/#breadcrumb\"},\"inLanguage\":\"de\",\"potentialAction\":[{\"@type\":\"ReadAction\",\"target\":[\"https:\\\/\\\/svsl.de\\\/wordpress\\\/segelkurse\\\/\"]}]},{\"@type\":\"BreadcrumbList\",\"@id\":\"https:\\\/\\\/svsl.de\\\/wordpress\\\/segelkurse\\\/#breadcrumb\",\"itemListElement\":[{\"@type\":\"ListItem\",\"position\":1,\"name\":\"Startseite\",\"item\":\"https:\\\/\\\/svsl.de\\\/wordpress\\\/\"},{\"@type\":\"ListItem\",\"position\":2,\"name\":\"Segelkurse\"}]},{\"@type\":\"WebSite\",\"@id\":\"https:\\\/\\\/svsl.de\\\/wordpress\\\/#website\",\"url\":\"https:\\\/\\\/svsl.de\\\/wordpress\\\/\",\"name\":\"SVSL\",\"description\":\"Segler Verein Scharfe Lanke e. V.\",\"publisher\":{\"@id\":\"https:\\\/\\\/svsl.de\\\/wordpress\\\/#organization\"},\"potentialAction\":[{\"@type\":\"SearchAction\",\"target\":{\"@type\":\"EntryPoint\",\"urlTemplate\":\"https:\\\/\\\/svsl.de\\\/wordpress\\\/?s={search_term_string}\"},\"query-input\":{\"@type\":\"PropertyValueSpecification\",\"valueRequired\":true,\"valueName\":\"search_term_string\"}}],\"inLanguage\":\"de\"},{\"@type\":\"Organization\",\"@id\":\"https:\\\/\\\/svsl.de\\\/wordpress\\\/#organization\",\"name\":\"SVSL - Segler Verein Scharfe Lanke e. V.\",\"url\":\"https:\\\/\\\/svsl.de\\\/wordpress\\\/\",\"logo\":{\"@type\":\"ImageObject\",\"inLanguage\":\"de\",\"@id\":\"https:\\\/\\\/svsl.de\\\/wordpress\\\/#\\\/schema\\\/logo\\\/image\\\/\",\"url\":\"https:\\\/\\\/svsl.de\\\/wordpress\\\/wp-content\\\/uploads\\\/2022\\\/05\\\/Logo.gif\",\"contentUrl\":\"https:\\\/\\\/svsl.de\\\/wordpress\\\/wp-content\\\/uploads\\\/2022\\\/05\\\/Logo.gif\",\"width\":250,\"height\":250,\"caption\":\"SVSL - Segler Verein Scharfe Lanke e. V.\"},\"image\":{\"@id\":\"https:\\\/\\\/svsl.de\\\/wordpress\\\/#\\\/schema\\\/logo\\\/image\\\/\"}}]}<\/script>\n<!-- \/ Yoast SEO plugin. -->","yoast_head_json":{"title":"Segelkurse - SVSL","description":"Im SVSL, dem Seglerverein Scharfe Lanke e. V in Berlin-Spandau gibt es regelm\u00e4\u00dfig Segelkurse f\u00fcr die Sportbootf\u00fchrerscheine Binnen & See.","robots":{"index":"index","follow":"follow","max-snippet":"max-snippet:-1","max-image-preview":"max-image-preview:large","max-video-preview":"max-video-preview:-1"},"canonical":"https:\/\/svsl.de\/wordpress\/segelkurse\/","og_locale":"de_DE","og_type":"article","og_title":"Segelkurse - SVSL","og_description":"Im SVSL, dem Seglerverein Scharfe Lanke e. V in Berlin-Spandau gibt es regelm\u00e4\u00dfig Segelkurse f\u00fcr die Sportbootf\u00fchrerscheine Binnen & See.","og_url":"https:\/\/svsl.de\/wordpress\/segelkurse\/","og_site_name":"SVSL","article_modified_time":"2022-05-29T16:03:45+00:00","twitter_card":"summary_large_image","twitter_misc":{"Gesch\u00e4tzte Lesezeit":"1\u00a0Minute"},"schema":{"@context":"https:\/\/schema.org","@graph":[{"@type":"WebPage","@id":"https:\/\/svsl.de\/wordpress\/segelkurse\/","url":"https:\/\/svsl.de\/wordpress\/segelkurse\/","name":"Segelkurse - SVSL","isPartOf":{"@id":"https:\/\/svsl.de\/wordpress\/#website"},"datePublished":"2022-05-07T15:52:49+00:00","dateModified":"2022-05-29T16:03:45+00:00","description":"Im SVSL, dem Seglerverein Scharfe Lanke e. V in Berlin-Spandau gibt es regelm\u00e4\u00dfig Segelkurse f\u00fcr die Sportbootf\u00fchrerscheine Binnen & See.","breadcrumb":{"@id":"https:\/\/svsl.de\/wordpress\/segelkurse\/#breadcrumb"},"inLanguage":"de","potentialAction":[{"@type":"ReadAction","target":["https:\/\/svsl.de\/wordpress\/segelkurse\/"]}]},{"@type":"BreadcrumbList","@id":"https:\/\/svsl.de\/wordpress\/segelkurse\/#breadcrumb","itemListElement":[{"@type":"ListItem","position":1,"name":"Startseite","item":"https:\/\/svsl.de\/wordpress\/"},{"@type":"ListItem","position":2,"name":"Segelkurse"}]},{"@type":"WebSite","@id":"https:\/\/svsl.de\/wordpress\/#website","url":"https:\/\/svsl.de\/wordpress\/","name":"SVSL","description":"Segler Verein Scharfe Lanke e. V.","publisher":{"@id":"https:\/\/svsl.de\/wordpress\/#organization"},"potentialAction":[{"@type":"SearchAction","target":{"@type":"EntryPoint","urlTemplate":"https:\/\/svsl.de\/wordpress\/?s={search_term_string}"},"query-input":{"@type":"PropertyValueSpecification","valueRequired":true,"valueName":"search_term_string"}}],"inLanguage":"de"},{"@type":"Organization","@id":"https:\/\/svsl.de\/wordpress\/#organization","name":"SVSL - Segler Verein Scharfe Lanke e. V.","url":"https:\/\/svsl.de\/wordpress\/","logo":{"@type":"ImageObject","inLanguage":"de","@id":"https:\/\/svsl.de\/wordpress\/#\/schema\/logo\/image\/","url":"https:\/\/svsl.de\/wordpress\/wp-content\/uploads\/2022\/05\/Logo.gif","contentUrl":"https:\/\/svsl.de\/wordpress\/wp-content\/uploads\/2022\/05\/Logo.gif","width":250,"height":250,"caption":"SVSL - Segler Verein Scharfe Lanke e. V."},"image":{"@id":"https:\/\/svsl.de\/wordpress\/#\/schema\/logo\/image\/"}}]}},"_links":{"self":[{"href":"https:\/\/svsl.de\/wordpress\/wp-json\/wp\/v2\/pages\/51","targetHints":{"allow":["GET"]}}],"collection":[{"href":"https:\/\/svsl.de\/wordpress\/wp-json\/wp\/v2\/pages"}],"about":[{"href":"https:\/\/svsl.de\/wordpress\/wp-json\/wp\/v2\/types\/page"}],"author":[{"embeddable":true,"href":"https:\/\/svsl.de\/wordpress\/wp-json\/wp\/v2\/users\/1"}],"replies":[{"embeddable":true,"href":"https:\/\/svsl.de\/wordpress\/wp-json\/wp\/v2\/comments?post=51"}],"version-history":[{"count":5,"href":"https:\/\/svsl.de\/wordpress\/wp-json\/wp\/v2\/pages\/51\/revisions"}],"predecessor-version":[{"id":506,"href":"https:\/\/svsl.de\/wordpress\/wp-json\/wp\/v2\/pages\/51\/revisions\/506"}],"wp:attachment":[{"href":"https:\/\/svsl.de\/wordpress\/wp-json\/wp\/v2\/media?parent=51"}],"curies":[{"name":"wp","href":"https:\/\/api.w.org\/{rel}","templated":true}]}}