{"id":49,"date":"2022-05-07T17:52:35","date_gmt":"2022-05-07T15:52:35","guid":{"rendered":"http:\/\/svsl.de\/wordpress\/?page_id=49"},"modified":"2024-03-13T18:11:36","modified_gmt":"2024-03-13T17:11:36","slug":"fahrtensegeln","status":"publish","type":"page","link":"https:\/\/svsl.de\/wordpress\/fahrtensegeln\/","title":{"rendered":"Fahrtensegeln"},"content":{"rendered":"<h2>Gemeinsame Ausfahrten unserer Vereinsmitglieder<\/h2>\n<p>In regelm\u00e4\u00dfigen Abst\u00e4nden finden gemeinsame Ausfahrten statt. Immer die E-Mails und Aush\u00e4nge am schwarzen Brett im SVSL beachten!<\/p>\n<h2>Spontane Aktivit\u00e4ten<\/h2>\n<p>Unser Segelrevier erscheint einigen Kameradinnen und Kameraden gro\u00df. Es ist aber klein genug, dass man regelm\u00e4\u00dfig SVSLer auf dem Wasser trifft und sich spontan P\u00e4ckchen zum Ankern bilden.<\/p>\n<p><img loading=\"lazy\" decoding=\"async\" class=\"wp-image-382 size-full\" src=\"https:\/\/svsl.de\/wordpress\/wp-content\/uploads\/Ankerpack-scaled.jpg\" alt=\"\" width=\"2560\" height=\"1440\" srcset=\"https:\/\/svsl.de\/wordpress\/wp-content\/uploads\/Ankerpack-scaled.jpg 2560w, https:\/\/svsl.de\/wordpress\/wp-content\/uploads\/Ankerpack-300x169.jpg 300w, https:\/\/svsl.de\/wordpress\/wp-content\/uploads\/Ankerpack-1024x576.jpg 1024w, https:\/\/svsl.de\/wordpress\/wp-content\/uploads\/Ankerpack-768x432.jpg 768w, https:\/\/svsl.de\/wordpress\/wp-content\/uploads\/Ankerpack-1536x864.jpg 1536w, https:\/\/svsl.de\/wordpress\/wp-content\/uploads\/Ankerpack-2048x1152.jpg 2048w\" sizes=\"auto, (max-width: 2560px) 100vw, 2560px\" \/><\/p>\n<p>&nbsp;<\/p>\n<h2>Segelt\u00f6rns unserer Mitglieder<\/h2>\n<p>Unsere Mitglieder haben diverse T\u00f6rns auf Nord- und Ostsee, im Mittelmeer, auf dem Atlantik und in der Karibik in ihren Logb\u00fcchern. Besonderes Highlight einiger Kameraden war eine Umrundung von Kap Horn sowie eine Atlantik\u00fcberquerung. Wer sich schon mal auf die neue Segelsaison einstimmen m\u00f6chte, findet <a href=\"https:\/\/svsl.de\/wordpress\/wp-content\/uploads\/Fahrtenbericht_Toern_Rund_Ruegen_2023.pdf\">hier<\/a> einen sehr sch\u00f6nen Fahrtenbericht einiger Kameradinnen und Kamaraden von deren <a href=\"https:\/\/svsl.de\/wordpress\/wp-content\/uploads\/Fahrtenbericht_Toern_Rund_Ruegen_2023.pdf\">T\u00f6rn rund R\u00fcgen<\/a>.<\/p>\n<h2>Vorlagen<\/h2>\n<p><a href=\"https:\/\/svsl.de\/wordpress\/wp-content\/uploads\/2022\/05\/Fahrtenkurzbericht.docx\">Vorlage Fahrtenkurzbericht<\/a><\/p>\n","protected":false},"excerpt":{"rendered":"<p>Gemeinsame Ausfahrten unserer Vereinsmitglieder In regelm\u00e4\u00dfigen Abst\u00e4nden finden gemeinsame Ausfahrten statt. Immer die E-Mails und Aush\u00e4nge am schwarzen Brett im SVSL beachten! Spontane Aktivit\u00e4ten Unser Segelrevier erscheint einigen Kameradinnen und Kameraden gro\u00df. Es ist aber klein genug, dass man regelm\u00e4\u00dfig SVSLer auf dem Wasser trifft und sich spontan P\u00e4ckchen zum Ankern bilden. &nbsp; Segelt\u00f6rns unserer&#8230;<a class=\"read-more-link button\" href=\"https:\/\/svsl.de\/wordpress\/fahrtensegeln\/\">Read more<\/a><\/p>\n","protected":false},"author":1,"featured_media":0,"parent":0,"menu_order":0,"comment_status":"closed","ping_status":"closed","template":"","meta":{"ngg_post_thumbnail":0,"footnotes":""},"class_list":["post-49","page","type-page","status-publish","hentry"],"yoast_head":"<!-- This site is optimized with the Yoast SEO plugin v27.5 - https:\/\/yoast.com\/product\/yoast-seo-wordpress\/ -->\n<title>Fahrtensegeln - SVSL<\/title>\n<meta name=\"description\" content=\"Im SVSL finden Fahrtensegler Gleichgesinnte. In der Saison veranstalten wir regelm\u00e4\u00dfig gemeinsame Ausfahrten.\" \/>\n<meta name=\"robots\" content=\"index, follow, max-snippet:-1, max-image-preview:large, max-video-preview:-1\" \/>\n<link rel=\"canonical\" href=\"https:\/\/svsl.de\/wordpress\/fahrtensegeln\/\" \/>\n<meta property=\"og:locale\" content=\"de_DE\" \/>\n<meta property=\"og:type\" content=\"article\" \/>\n<meta property=\"og:title\" content=\"Fahrtensegeln - SVSL\" \/>\n<meta property=\"og:description\" content=\"Im SVSL finden Fahrtensegler Gleichgesinnte. In der Saison veranstalten wir regelm\u00e4\u00dfig gemeinsame Ausfahrten.\" \/>\n<meta property=\"og:url\" content=\"https:\/\/svsl.de\/wordpress\/fahrtensegeln\/\" \/>\n<meta property=\"og:site_name\" content=\"SVSL\" \/>\n<meta property=\"article:modified_time\" content=\"2024-03-13T17:11:36+00:00\" \/>\n<meta property=\"og:image\" content=\"https:\/\/svsl.de\/wordpress\/wp-content\/uploads\/Ankerpack-scaled.jpg\" \/>\n<meta name=\"twitter:card\" content=\"summary_large_image\" \/>\n<meta name=\"twitter:label1\" content=\"Gesch\u00e4tzte Lesezeit\" \/>\n\t<meta name=\"twitter:data1\" content=\"1\u00a0Minute\" \/>\n<script type=\"application\/ld+json\" class=\"yoast-schema-graph\">{\"@context\":\"https:\\\/\\\/schema.org\",\"@graph\":[{\"@type\":\"WebPage\",\"@id\":\"https:\\\/\\\/svsl.de\\\/wordpress\\\/fahrtensegeln\\\/\",\"url\":\"https:\\\/\\\/svsl.de\\\/wordpress\\\/fahrtensegeln\\\/\",\"name\":\"Fahrtensegeln - SVSL\",\"isPartOf\":{\"@id\":\"https:\\\/\\\/svsl.de\\\/wordpress\\\/#website\"},\"primaryImageOfPage\":{\"@id\":\"https:\\\/\\\/svsl.de\\\/wordpress\\\/fahrtensegeln\\\/#primaryimage\"},\"image\":{\"@id\":\"https:\\\/\\\/svsl.de\\\/wordpress\\\/fahrtensegeln\\\/#primaryimage\"},\"thumbnailUrl\":\"https:\\\/\\\/svsl.de\\\/wordpress\\\/wp-content\\\/uploads\\\/Ankerpack-scaled.jpg\",\"datePublished\":\"2022-05-07T15:52:35+00:00\",\"dateModified\":\"2024-03-13T17:11:36+00:00\",\"description\":\"Im SVSL finden Fahrtensegler Gleichgesinnte. In der Saison veranstalten wir regelm\u00e4\u00dfig gemeinsame Ausfahrten.\",\"breadcrumb\":{\"@id\":\"https:\\\/\\\/svsl.de\\\/wordpress\\\/fahrtensegeln\\\/#breadcrumb\"},\"inLanguage\":\"de\",\"potentialAction\":[{\"@type\":\"ReadAction\",\"target\":[\"https:\\\/\\\/svsl.de\\\/wordpress\\\/fahrtensegeln\\\/\"]}]},{\"@type\":\"ImageObject\",\"inLanguage\":\"de\",\"@id\":\"https:\\\/\\\/svsl.de\\\/wordpress\\\/fahrtensegeln\\\/#primaryimage\",\"url\":\"https:\\\/\\\/svsl.de\\\/wordpress\\\/wp-content\\\/uploads\\\/Ankerpack-scaled.jpg\",\"contentUrl\":\"https:\\\/\\\/svsl.de\\\/wordpress\\\/wp-content\\\/uploads\\\/Ankerpack-scaled.jpg\",\"width\":2560,\"height\":1440,\"caption\":\"default\"},{\"@type\":\"BreadcrumbList\",\"@id\":\"https:\\\/\\\/svsl.de\\\/wordpress\\\/fahrtensegeln\\\/#breadcrumb\",\"itemListElement\":[{\"@type\":\"ListItem\",\"position\":1,\"name\":\"Startseite\",\"item\":\"https:\\\/\\\/svsl.de\\\/wordpress\\\/\"},{\"@type\":\"ListItem\",\"position\":2,\"name\":\"Fahrtensegeln\"}]},{\"@type\":\"WebSite\",\"@id\":\"https:\\\/\\\/svsl.de\\\/wordpress\\\/#website\",\"url\":\"https:\\\/\\\/svsl.de\\\/wordpress\\\/\",\"name\":\"SVSL\",\"description\":\"Segler Verein Scharfe Lanke e. V.\",\"publisher\":{\"@id\":\"https:\\\/\\\/svsl.de\\\/wordpress\\\/#organization\"},\"potentialAction\":[{\"@type\":\"SearchAction\",\"target\":{\"@type\":\"EntryPoint\",\"urlTemplate\":\"https:\\\/\\\/svsl.de\\\/wordpress\\\/?s={search_term_string}\"},\"query-input\":{\"@type\":\"PropertyValueSpecification\",\"valueRequired\":true,\"valueName\":\"search_term_string\"}}],\"inLanguage\":\"de\"},{\"@type\":\"Organization\",\"@id\":\"https:\\\/\\\/svsl.de\\\/wordpress\\\/#organization\",\"name\":\"SVSL - Segler Verein Scharfe Lanke e. V.\",\"url\":\"https:\\\/\\\/svsl.de\\\/wordpress\\\/\",\"logo\":{\"@type\":\"ImageObject\",\"inLanguage\":\"de\",\"@id\":\"https:\\\/\\\/svsl.de\\\/wordpress\\\/#\\\/schema\\\/logo\\\/image\\\/\",\"url\":\"https:\\\/\\\/svsl.de\\\/wordpress\\\/wp-content\\\/uploads\\\/2022\\\/05\\\/Logo.gif\",\"contentUrl\":\"https:\\\/\\\/svsl.de\\\/wordpress\\\/wp-content\\\/uploads\\\/2022\\\/05\\\/Logo.gif\",\"width\":250,\"height\":250,\"caption\":\"SVSL - Segler Verein Scharfe Lanke e. V.\"},\"image\":{\"@id\":\"https:\\\/\\\/svsl.de\\\/wordpress\\\/#\\\/schema\\\/logo\\\/image\\\/\"}}]}<\/script>\n<!-- \/ Yoast SEO plugin. -->","yoast_head_json":{"title":"Fahrtensegeln - SVSL","description":"Im SVSL finden Fahrtensegler Gleichgesinnte. In der Saison veranstalten wir regelm\u00e4\u00dfig gemeinsame Ausfahrten.","robots":{"index":"index","follow":"follow","max-snippet":"max-snippet:-1","max-image-preview":"max-image-preview:large","max-video-preview":"max-video-preview:-1"},"canonical":"https:\/\/svsl.de\/wordpress\/fahrtensegeln\/","og_locale":"de_DE","og_type":"article","og_title":"Fahrtensegeln - SVSL","og_description":"Im SVSL finden Fahrtensegler Gleichgesinnte. In der Saison veranstalten wir regelm\u00e4\u00dfig gemeinsame Ausfahrten.","og_url":"https:\/\/svsl.de\/wordpress\/fahrtensegeln\/","og_site_name":"SVSL","article_modified_time":"2024-03-13T17:11:36+00:00","og_image":[{"url":"https:\/\/svsl.de\/wordpress\/wp-content\/uploads\/Ankerpack-scaled.jpg","type":"","width":"","height":""}],"twitter_card":"summary_large_image","twitter_misc":{"Gesch\u00e4tzte Lesezeit":"1\u00a0Minute"},"schema":{"@context":"https:\/\/schema.org","@graph":[{"@type":"WebPage","@id":"https:\/\/svsl.de\/wordpress\/fahrtensegeln\/","url":"https:\/\/svsl.de\/wordpress\/fahrtensegeln\/","name":"Fahrtensegeln - SVSL","isPartOf":{"@id":"https:\/\/svsl.de\/wordpress\/#website"},"primaryImageOfPage":{"@id":"https:\/\/svsl.de\/wordpress\/fahrtensegeln\/#primaryimage"},"image":{"@id":"https:\/\/svsl.de\/wordpress\/fahrtensegeln\/#primaryimage"},"thumbnailUrl":"https:\/\/svsl.de\/wordpress\/wp-content\/uploads\/Ankerpack-scaled.jpg","datePublished":"2022-05-07T15:52:35+00:00","dateModified":"2024-03-13T17:11:36+00:00","description":"Im SVSL finden Fahrtensegler Gleichgesinnte. In der Saison veranstalten wir regelm\u00e4\u00dfig gemeinsame Ausfahrten.","breadcrumb":{"@id":"https:\/\/svsl.de\/wordpress\/fahrtensegeln\/#breadcrumb"},"inLanguage":"de","potentialAction":[{"@type":"ReadAction","target":["https:\/\/svsl.de\/wordpress\/fahrtensegeln\/"]}]},{"@type":"ImageObject","inLanguage":"de","@id":"https:\/\/svsl.de\/wordpress\/fahrtensegeln\/#primaryimage","url":"https:\/\/svsl.de\/wordpress\/wp-content\/uploads\/Ankerpack-scaled.jpg","contentUrl":"https:\/\/svsl.de\/wordpress\/wp-content\/uploads\/Ankerpack-scaled.jpg","width":2560,"height":1440,"caption":"default"},{"@type":"BreadcrumbList","@id":"https:\/\/svsl.de\/wordpress\/fahrtensegeln\/#breadcrumb","itemListElement":[{"@type":"ListItem","position":1,"name":"Startseite","item":"https:\/\/svsl.de\/wordpress\/"},{"@type":"ListItem","position":2,"name":"Fahrtensegeln"}]},{"@type":"WebSite","@id":"https:\/\/svsl.de\/wordpress\/#website","url":"https:\/\/svsl.de\/wordpress\/","name":"SVSL","description":"Segler Verein Scharfe Lanke e. V.","publisher":{"@id":"https:\/\/svsl.de\/wordpress\/#organization"},"potentialAction":[{"@type":"SearchAction","target":{"@type":"EntryPoint","urlTemplate":"https:\/\/svsl.de\/wordpress\/?s={search_term_string}"},"query-input":{"@type":"PropertyValueSpecification","valueRequired":true,"valueName":"search_term_string"}}],"inLanguage":"de"},{"@type":"Organization","@id":"https:\/\/svsl.de\/wordpress\/#organization","name":"SVSL - Segler Verein Scharfe Lanke e. V.","url":"https:\/\/svsl.de\/wordpress\/","logo":{"@type":"ImageObject","inLanguage":"de","@id":"https:\/\/svsl.de\/wordpress\/#\/schema\/logo\/image\/","url":"https:\/\/svsl.de\/wordpress\/wp-content\/uploads\/2022\/05\/Logo.gif","contentUrl":"https:\/\/svsl.de\/wordpress\/wp-content\/uploads\/2022\/05\/Logo.gif","width":250,"height":250,"caption":"SVSL - Segler Verein Scharfe Lanke e. V."},"image":{"@id":"https:\/\/svsl.de\/wordpress\/#\/schema\/logo\/image\/"}}]}},"_links":{"self":[{"href":"https:\/\/svsl.de\/wordpress\/wp-json\/wp\/v2\/pages\/49","targetHints":{"allow":["GET"]}}],"collection":[{"href":"https:\/\/svsl.de\/wordpress\/wp-json\/wp\/v2\/pages"}],"about":[{"href":"https:\/\/svsl.de\/wordpress\/wp-json\/wp\/v2\/types\/page"}],"author":[{"embeddable":true,"href":"https:\/\/svsl.de\/wordpress\/wp-json\/wp\/v2\/users\/1"}],"replies":[{"embeddable":true,"href":"https:\/\/svsl.de\/wordpress\/wp-json\/wp\/v2\/comments?post=49"}],"version-history":[{"count":13,"href":"https:\/\/svsl.de\/wordpress\/wp-json\/wp\/v2\/pages\/49\/revisions"}],"predecessor-version":[{"id":707,"href":"https:\/\/svsl.de\/wordpress\/wp-json\/wp\/v2\/pages\/49\/revisions\/707"}],"wp:attachment":[{"href":"https:\/\/svsl.de\/wordpress\/wp-json\/wp\/v2\/media?parent=49"}],"curies":[{"name":"wp","href":"https:\/\/api.w.org\/{rel}","templated":true}]}}