{"id":44,"date":"2022-05-07T17:50:29","date_gmt":"2022-05-07T15:50:29","guid":{"rendered":"http:\/\/svsl.de\/wordpress\/?page_id=44"},"modified":"2025-10-13T15:56:42","modified_gmt":"2025-10-13T13:56:42","slug":"regattasegeln","status":"publish","type":"page","link":"https:\/\/svsl.de\/wordpress\/regattasegeln\/","title":{"rendered":"Regattasegeln"},"content":{"rendered":"<h2>Regattaaktivit\u00e4ten im SVSL<\/h2>\n<p>Die Mitglieder des SVSL beteiligen sich regelm\u00e4\u00dfig u. a. an den monatlichen Vereinswettfahrten und an der j\u00e4hrlichen Freundschaftswettfahrt. Au\u00dferdem nehmen einige Kameraden an Yardstick-Wettfahrten in Berlin teil, entweder mit dem eigenen Schiff oder auf Booten von befreundeten Seglern.<\/p>\n<h2><a id=\"Regattaimpressionen\"><\/a>Regattaimpressionen<\/h2>\nngg_shortcode_0_placeholder\n<h2>Vereinswettfahrten<\/h2>\n<p>Seit Jahren veranstaltet der SVSL gemeinsam mit befreundeten Vereinen Vereinswettfahrten. Die Wettfahrten sind als Einstieg in den Regattasport und Trainingsm\u00f6glichkeit gedacht. Es wird ohne Spinnaker gesegelt. Die Bahn ist in der Regel ein Up- und Downkurs mit einer Fahrwassertonne als Wendemarke.<\/p>\n<p>In 2025 fanden die Vereinsregatten immer Donnerstags bzw. Samstags statt:<\/p>\n<ul>\n<li>Der SVSL veranstaltete gemeinsam wieder mit dem WWVB mehrere Vereinsregatten, die immer Samstags stattfanden. <a href=\"https:\/\/svsl.de\/wordpress\/wp-content\/uploads\/Vereinswettfahrten_2025.pdf\">Details siehe Anhang<\/a>.<\/li>\n<li>Die Donnerstagsregatten sind eine Serie von Wettfahrten, die dem ungezwungenen Regattasegeln nach Feierabend dienen sollen. Start war immer um 18:00 Uhr im Bereich zwischen Schildhorn und der Scharfen Lanke (je nach Windrichtung). <a href=\"https:\/\/svsl.de\/wordpress\/wp-content\/uploads\/Donnerstagsregatten-2025.pdf\">Details siehe Anhang<\/a>.<\/li>\n<\/ul>\n<p>Neueinsteiger waren herzlich willkommen. Training der Man\u00f6ver und Vergn\u00fcgen am Segeln in der Gruppe standen im Vordergrund. Gewertet wurde nach Yardstick.&nbsp;<\/p>\n<p>Die <strong>Termine f\u00fcr 2026<\/strong> werden rechtzeitig bekannt gegeben. Wir freuen uns \u00fcber die rege Teilnahme!&nbsp;<\/p>\n<h2>Freundschaftswettfahrt<\/h2>\n<p>Die Freundschaftswettfahrt f\u00fcr die Vereine VSJ, PSB, SVSL, YCF und SCOH findet grunds\u00e4tzlich einmal j\u00e4hrlich statt. Es werden zwei Wettfahrten (ohne Spinnaker) gesegelt, jeweils eine am Samstag und eine am Sonntag.<\/p>\n<p>Bei der Freundschaftswettfahrt in 2025 wurde wieder hart aber fair gek\u00e4mpft!<\/p>\n<p>Weitere Infos zur Freundschaftswettfahrt 2026 folgen rechtzeitig.<\/p>\n","protected":false},"excerpt":{"rendered":"<p>Regattaaktivit\u00e4ten im SVSL Die Mitglieder des SVSL beteiligen sich regelm\u00e4\u00dfig u. a. an den monatlichen Vereinswettfahrten und an der j\u00e4hrlichen Freundschaftswettfahrt. Au\u00dferdem nehmen einige Kameraden an Yardstick-Wettfahrten in Berlin teil, entweder mit dem eigenen Schiff oder auf Booten von befreundeten Seglern. Regattaimpressionen Vereinswettfahrten Seit Jahren veranstaltet der SVSL gemeinsam mit befreundeten Vereinen Vereinswettfahrten. Die Wettfahrten&#8230;<a class=\"read-more-link button\" href=\"https:\/\/svsl.de\/wordpress\/regattasegeln\/\">Read more<\/a><\/p>\n","protected":false},"author":1,"featured_media":0,"parent":0,"menu_order":0,"comment_status":"closed","ping_status":"closed","template":"","meta":{"ngg_post_thumbnail":0,"footnotes":""},"class_list":["post-44","page","type-page","status-publish","hentry"],"yoast_head":"<!-- This site is optimized with the Yoast SEO plugin v27.5 - https:\/\/yoast.com\/product\/yoast-seo-wordpress\/ -->\n<title>Regattasegeln - SVSL<\/title>\n<meta name=\"description\" content=\"Regattasegeln im SVSL: Monatliche Vereinswettfahrten und j\u00e4hrliche Freundschaftswettfahrt mit befreundeten Segelvereinen auf der Unterhavel.\" \/>\n<meta name=\"robots\" content=\"index, follow, max-snippet:-1, max-image-preview:large, max-video-preview:-1\" \/>\n<link rel=\"canonical\" href=\"https:\/\/svsl.de\/wordpress\/regattasegeln\/\" \/>\n<meta property=\"og:locale\" content=\"de_DE\" \/>\n<meta property=\"og:type\" content=\"article\" \/>\n<meta property=\"og:title\" content=\"Regattasegeln - SVSL\" \/>\n<meta property=\"og:description\" content=\"Regattasegeln im SVSL: Monatliche Vereinswettfahrten und j\u00e4hrliche Freundschaftswettfahrt mit befreundeten Segelvereinen auf der Unterhavel.\" \/>\n<meta property=\"og:url\" content=\"https:\/\/svsl.de\/wordpress\/regattasegeln\/\" \/>\n<meta property=\"og:site_name\" content=\"SVSL\" \/>\n<meta property=\"article:modified_time\" content=\"2025-10-13T13:56:42+00:00\" \/>\n<meta name=\"twitter:card\" content=\"summary_large_image\" \/>\n<meta name=\"twitter:label1\" content=\"Gesch\u00e4tzte Lesezeit\" \/>\n\t<meta name=\"twitter:data1\" content=\"2\u00a0Minuten\" \/>\n<script type=\"application\/ld+json\" class=\"yoast-schema-graph\">{\"@context\":\"https:\\\/\\\/schema.org\",\"@graph\":[{\"@type\":\"WebPage\",\"@id\":\"https:\\\/\\\/svsl.de\\\/wordpress\\\/regattasegeln\\\/\",\"url\":\"https:\\\/\\\/svsl.de\\\/wordpress\\\/regattasegeln\\\/\",\"name\":\"Regattasegeln - SVSL\",\"isPartOf\":{\"@id\":\"https:\\\/\\\/svsl.de\\\/wordpress\\\/#website\"},\"datePublished\":\"2022-05-07T15:50:29+00:00\",\"dateModified\":\"2025-10-13T13:56:42+00:00\",\"description\":\"Regattasegeln im SVSL: Monatliche Vereinswettfahrten und j\u00e4hrliche Freundschaftswettfahrt mit befreundeten Segelvereinen auf der Unterhavel.\",\"breadcrumb\":{\"@id\":\"https:\\\/\\\/svsl.de\\\/wordpress\\\/regattasegeln\\\/#breadcrumb\"},\"inLanguage\":\"de\",\"potentialAction\":[{\"@type\":\"ReadAction\",\"target\":[\"https:\\\/\\\/svsl.de\\\/wordpress\\\/regattasegeln\\\/\"]}]},{\"@type\":\"BreadcrumbList\",\"@id\":\"https:\\\/\\\/svsl.de\\\/wordpress\\\/regattasegeln\\\/#breadcrumb\",\"itemListElement\":[{\"@type\":\"ListItem\",\"position\":1,\"name\":\"Startseite\",\"item\":\"https:\\\/\\\/svsl.de\\\/wordpress\\\/\"},{\"@type\":\"ListItem\",\"position\":2,\"name\":\"Regattasegeln\"}]},{\"@type\":\"WebSite\",\"@id\":\"https:\\\/\\\/svsl.de\\\/wordpress\\\/#website\",\"url\":\"https:\\\/\\\/svsl.de\\\/wordpress\\\/\",\"name\":\"SVSL\",\"description\":\"Segler Verein Scharfe Lanke e. V.\",\"publisher\":{\"@id\":\"https:\\\/\\\/svsl.de\\\/wordpress\\\/#organization\"},\"potentialAction\":[{\"@type\":\"SearchAction\",\"target\":{\"@type\":\"EntryPoint\",\"urlTemplate\":\"https:\\\/\\\/svsl.de\\\/wordpress\\\/?s={search_term_string}\"},\"query-input\":{\"@type\":\"PropertyValueSpecification\",\"valueRequired\":true,\"valueName\":\"search_term_string\"}}],\"inLanguage\":\"de\"},{\"@type\":\"Organization\",\"@id\":\"https:\\\/\\\/svsl.de\\\/wordpress\\\/#organization\",\"name\":\"SVSL - Segler Verein Scharfe Lanke e. V.\",\"url\":\"https:\\\/\\\/svsl.de\\\/wordpress\\\/\",\"logo\":{\"@type\":\"ImageObject\",\"inLanguage\":\"de\",\"@id\":\"https:\\\/\\\/svsl.de\\\/wordpress\\\/#\\\/schema\\\/logo\\\/image\\\/\",\"url\":\"https:\\\/\\\/svsl.de\\\/wordpress\\\/wp-content\\\/uploads\\\/2022\\\/05\\\/Logo.gif\",\"contentUrl\":\"https:\\\/\\\/svsl.de\\\/wordpress\\\/wp-content\\\/uploads\\\/2022\\\/05\\\/Logo.gif\",\"width\":250,\"height\":250,\"caption\":\"SVSL - Segler Verein Scharfe Lanke e. V.\"},\"image\":{\"@id\":\"https:\\\/\\\/svsl.de\\\/wordpress\\\/#\\\/schema\\\/logo\\\/image\\\/\"}}]}<\/script>\n<!-- \/ Yoast SEO plugin. -->","yoast_head_json":{"title":"Regattasegeln - SVSL","description":"Regattasegeln im SVSL: Monatliche Vereinswettfahrten und j\u00e4hrliche Freundschaftswettfahrt mit befreundeten Segelvereinen auf der Unterhavel.","robots":{"index":"index","follow":"follow","max-snippet":"max-snippet:-1","max-image-preview":"max-image-preview:large","max-video-preview":"max-video-preview:-1"},"canonical":"https:\/\/svsl.de\/wordpress\/regattasegeln\/","og_locale":"de_DE","og_type":"article","og_title":"Regattasegeln - SVSL","og_description":"Regattasegeln im SVSL: Monatliche Vereinswettfahrten und j\u00e4hrliche Freundschaftswettfahrt mit befreundeten Segelvereinen auf der Unterhavel.","og_url":"https:\/\/svsl.de\/wordpress\/regattasegeln\/","og_site_name":"SVSL","article_modified_time":"2025-10-13T13:56:42+00:00","twitter_card":"summary_large_image","twitter_misc":{"Gesch\u00e4tzte Lesezeit":"2\u00a0Minuten"},"schema":{"@context":"https:\/\/schema.org","@graph":[{"@type":"WebPage","@id":"https:\/\/svsl.de\/wordpress\/regattasegeln\/","url":"https:\/\/svsl.de\/wordpress\/regattasegeln\/","name":"Regattasegeln - SVSL","isPartOf":{"@id":"https:\/\/svsl.de\/wordpress\/#website"},"datePublished":"2022-05-07T15:50:29+00:00","dateModified":"2025-10-13T13:56:42+00:00","description":"Regattasegeln im SVSL: Monatliche Vereinswettfahrten und j\u00e4hrliche Freundschaftswettfahrt mit befreundeten Segelvereinen auf der Unterhavel.","breadcrumb":{"@id":"https:\/\/svsl.de\/wordpress\/regattasegeln\/#breadcrumb"},"inLanguage":"de","potentialAction":[{"@type":"ReadAction","target":["https:\/\/svsl.de\/wordpress\/regattasegeln\/"]}]},{"@type":"BreadcrumbList","@id":"https:\/\/svsl.de\/wordpress\/regattasegeln\/#breadcrumb","itemListElement":[{"@type":"ListItem","position":1,"name":"Startseite","item":"https:\/\/svsl.de\/wordpress\/"},{"@type":"ListItem","position":2,"name":"Regattasegeln"}]},{"@type":"WebSite","@id":"https:\/\/svsl.de\/wordpress\/#website","url":"https:\/\/svsl.de\/wordpress\/","name":"SVSL","description":"Segler Verein Scharfe Lanke e. V.","publisher":{"@id":"https:\/\/svsl.de\/wordpress\/#organization"},"potentialAction":[{"@type":"SearchAction","target":{"@type":"EntryPoint","urlTemplate":"https:\/\/svsl.de\/wordpress\/?s={search_term_string}"},"query-input":{"@type":"PropertyValueSpecification","valueRequired":true,"valueName":"search_term_string"}}],"inLanguage":"de"},{"@type":"Organization","@id":"https:\/\/svsl.de\/wordpress\/#organization","name":"SVSL - Segler Verein Scharfe Lanke e. V.","url":"https:\/\/svsl.de\/wordpress\/","logo":{"@type":"ImageObject","inLanguage":"de","@id":"https:\/\/svsl.de\/wordpress\/#\/schema\/logo\/image\/","url":"https:\/\/svsl.de\/wordpress\/wp-content\/uploads\/2022\/05\/Logo.gif","contentUrl":"https:\/\/svsl.de\/wordpress\/wp-content\/uploads\/2022\/05\/Logo.gif","width":250,"height":250,"caption":"SVSL - Segler Verein Scharfe Lanke e. V."},"image":{"@id":"https:\/\/svsl.de\/wordpress\/#\/schema\/logo\/image\/"}}]}},"_links":{"self":[{"href":"https:\/\/svsl.de\/wordpress\/wp-json\/wp\/v2\/pages\/44","targetHints":{"allow":["GET"]}}],"collection":[{"href":"https:\/\/svsl.de\/wordpress\/wp-json\/wp\/v2\/pages"}],"about":[{"href":"https:\/\/svsl.de\/wordpress\/wp-json\/wp\/v2\/types\/page"}],"author":[{"embeddable":true,"href":"https:\/\/svsl.de\/wordpress\/wp-json\/wp\/v2\/users\/1"}],"replies":[{"embeddable":true,"href":"https:\/\/svsl.de\/wordpress\/wp-json\/wp\/v2\/comments?post=44"}],"version-history":[{"count":42,"href":"https:\/\/svsl.de\/wordpress\/wp-json\/wp\/v2\/pages\/44\/revisions"}],"predecessor-version":[{"id":880,"href":"https:\/\/svsl.de\/wordpress\/wp-json\/wp\/v2\/pages\/44\/revisions\/880"}],"wp:attachment":[{"href":"https:\/\/svsl.de\/wordpress\/wp-json\/wp\/v2\/media?parent=44"}],"curies":[{"name":"wp","href":"https:\/\/api.w.org\/{rel}","templated":true}]}}