{"id":40,"date":"2022-05-07T17:48:16","date_gmt":"2022-05-07T15:48:16","guid":{"rendered":"http:\/\/svsl.de\/wordpress\/?page_id=40"},"modified":"2024-05-23T20:37:42","modified_gmt":"2024-05-23T18:37:42","slug":"wir-ueber-uns","status":"publish","type":"page","link":"https:\/\/svsl.de\/wordpress\/wir-ueber-uns\/","title":{"rendered":"Wir \u00fcber uns"},"content":{"rendered":"<h2>Unsere Vereinsstruktur<\/h2>\n<p>Unser Verein hat rund 90 Mitglieder, von denen rund 30 Kameraden aktive Mitglieder sind. Die restliche Anzahl von Mitgliedern sind Familienangeh\u00f6rige und F\u00f6rderer unseres Vereines, die einen geringen Beitrag bezahlen, um unseren Verein zu unterst\u00fctzen. Wir haben drei Mitglieder im gesch\u00e4ftsf\u00fchrenden Vorstand: Den 1. Vorsitzenden, den 2. Vorsitzenden (zugleich Schriftf\u00fchrer und Umweltschutzbeauftragter) sowie den Schatzmeister. Au\u00dferdem geh\u00f6ren dem erweiterten Vorstand der Sportwart, der Fahrtenwart, der Jugendwart, Steg- und Takelmeister, Platzwart, Messewart sowie ein Vergn\u00fcgungswart an. Dieses Gremium trifft monatlich einmal zu Sitzungen zusammen und leitet die Geschicke des Vereins.<\/p>\n<p>Nat\u00fcrlich werden &#8222;schwerwiegende&#8220; Entscheidungen nicht allein von den Funktion\u00e4ren getroffen, sondern sie erhalten die Auftr\u00e4ge von der h\u00f6chsten Instanz in unserem Verein, der Mitgliederversammlung.<\/p>\n<h2>Unser Steg<\/h2>\n<p><img loading=\"lazy\" decoding=\"async\" class=\"alignnone wp-image-476 size-large\" src=\"https:\/\/svsl.de\/wordpress\/wp-content\/uploads\/DSC07635A-1024x847.jpg\" alt=\"\" width=\"1024\" height=\"847\" srcset=\"https:\/\/svsl.de\/wordpress\/wp-content\/uploads\/DSC07635A-1024x847.jpg 1024w, https:\/\/svsl.de\/wordpress\/wp-content\/uploads\/DSC07635A-300x248.jpg 300w, https:\/\/svsl.de\/wordpress\/wp-content\/uploads\/DSC07635A-768x635.jpg 768w, https:\/\/svsl.de\/wordpress\/wp-content\/uploads\/DSC07635A-1536x1271.jpg 1536w, https:\/\/svsl.de\/wordpress\/wp-content\/uploads\/DSC07635A-2048x1694.jpg 2048w\" sizes=\"auto, (max-width: 1024px) 100vw, 1024px\" \/><\/p>\n<p>&nbsp;<\/p>\n<h2>Unser Bootsbestand<\/h2>\n<p>In privatem Besitz sind z. Zt. \u00fcber 30 Segelboote und 4 Motorboote. F\u00fcr unsere Kinder und Jugendlichen stellen wir Optimisten,&nbsp; Teenies, Piraten und 420er als vereinseigene Boote mit den entsprechenden Transportger\u00e4ten oder Trailern zur Verf\u00fcgung. Dar\u00fcber hinaus k\u00f6nnen Mitglieder des SVSL unsere vereinseigene Conger-Jolle nutzen.<\/p>\n<h2>Unser Vereinshaus<\/h2>\n<p><img loading=\"lazy\" decoding=\"async\" class=\"alignnone wp-image-336 size-large\" src=\"https:\/\/svsl.de\/wordpress\/wp-content\/uploads\/2022\/05\/cropped-DSC02958A-scaled-1-1024x683.jpg\" alt=\"\" width=\"1024\" height=\"683\" srcset=\"https:\/\/svsl.de\/wordpress\/wp-content\/uploads\/2022\/05\/cropped-DSC02958A-scaled-1-1024x683.jpg 1024w, https:\/\/svsl.de\/wordpress\/wp-content\/uploads\/2022\/05\/cropped-DSC02958A-scaled-1-300x200.jpg 300w, https:\/\/svsl.de\/wordpress\/wp-content\/uploads\/2022\/05\/cropped-DSC02958A-scaled-1-768x512.jpg 768w, https:\/\/svsl.de\/wordpress\/wp-content\/uploads\/2022\/05\/cropped-DSC02958A-scaled-1.jpg 1500w\" sizes=\"auto, (max-width: 1024px) 100vw, 1024px\" \/><\/p>\n<h2>Unsere sportlichen Aktivit\u00e4ten<\/h2>\n<p>Einige unserer Mitglieder sind oft auf den Regattabahnen zu erleben.<\/p>\n<p>Die anderen Mitglieder sind \u00fcberwiegend Fahrtensegler, die nach dem Fall der Mauer s\u00e4mtliche Seen im Umland von Berlin bis hin zur M\u00fcritz erkundet haben. Auf der Ostsee gibt es kaum einen Hafen, der nicht schon durch Kameraden des SVSL angelaufen wurde. Das Mittelmeer, die Adria, die griechische und die t\u00fcrkische \u00c4g\u00e4is wurden ebenfalls von unseren Kameraden durchsegelt und bereits dreimal wurde der Atlantik \u00fcberquert. Au\u00dferdem hat eine Crew mit drei Kameraden unseres Vereins&nbsp; den &#8222;gro\u00dfen Teich&#8220; von Martinique \u00fcber die Nordroute nach Portugal befahren . Eine Kap-Horn-Umrundung sowie 10 Bft auf den Kanarischen Inseln haben einige unserer Kameraden ebenfalls in ihren Logb\u00fcchern.<\/p>\n<h2>Unsere Geschichte<\/h2>\n<p>Als sich am 29. Juli 1962 insgesamt 48 Bootsbesitzer im Spandauer Lokal &#8222;Alt Pichelsdorf&#8220; zusammen fanden, hatten sie eigentlich vor, ihren Wassersport &#8211; wie immer er auch geartet war &#8211; weiterhin betreiben zu k\u00f6nnen. Bisher waren alle &#8222;nur&#8220; stolze Kleingartenbesitzer, die zum Ausgleich f\u00fcr ihre Gartenarbeit sich auch auf dem Wasser tummelten, sei es als Angler, als Motorbootfahrer oder auch als Segler. Da die Kleing\u00e4rten im Bereich der &#8222;Scharfen Lanke&#8220; aber einem Schulneubau mit dazugeh\u00f6rigen Sportanlagen weichen sollten und dieser bunt zusammengew\u00fcrfelte Haufen von Wassersport-Begeisterten keine M\u00f6glichkeit hatte, in den benachbarten Segelvereinen aufgenommen zu werden, wurde der &#8222;Wassersport Verein Bocksfelde&#8220; gegr\u00fcndet und unter diesem Namen am 5. August 1962 im Vereinsregister beim Amtsgericht Berlin-Charlottenburg eingetragen.<\/p>\n<p>Im Laufe der n\u00e4chsten Jahre war die Fluktuation in diesem neuen Verein recht gro\u00df und schlie\u00dflich bestand der Verein nur noch aus Seglern und einigen wenigen Motorbootfahrern. Um auch im Deutschen Seglerverband, sowie im Berliner Seglerverband organisiert sein zu k\u00f6nnen und Namensverwechslungen mit dem noch verbliebenen Rest der &#8222;Wochenendsiedlung Bocksfelde&#8220; auszuschlie\u00dfen, \u00e4nderte der Verein seinen Namen und seinen Vereinsstander und nannte sich ab 1964 &#8222;Segler Verein Scharfe Lanke e.V.&#8220;<\/p>\n<p>Der Bezirk Spandau war unserem Verein wohlgesonnen und \u00fcberlie\u00df uns ab 1968 des Areals, auf dem fr\u00fcher Lauben standen, zur Pacht.&nbsp; Mit der \u00dcberlassung des insgesamt ca. 4.000 m\u00b2 gro\u00dfen Grundst\u00fcckes war die Auflage verbunden, ein Vereinshaus zu errichten. Nach langwierigen Finanzierungsverhandlungen und wegen der durch Kostenexplosionen st\u00e4ndig ge\u00e4nderten Planungen konnte im Sommer 1972 mit dem Bau des Vereinshauses begonnen werden. Bereits im April 1973 konnte es seiner Bestimmung \u00fcbergeben werden.<\/p>\n<p>Der Innenausbau wurde bereits mehrfach &#8222;runderneuert&#8220;. Nat\u00fcrlich ist auch eine Vereinsmesse vorhanden, die durch unsere Mitglieder selbst bewirtschaftet wird.<\/p>\n<p>Inzwischen konnte ein weiteres Gel\u00e4nde mit ca. 500 m\u00b2 gepachtet werden, so das wir \u00fcber eine Gesamtfl\u00e4che von 4500 m\u00b2 verf\u00fcgen k\u00f6nnen. Die Au\u00dfenanlage wurde hergerichtet, ausgebessert und immer wieder neu gestaltet. Auch die ca. 15 Parkpl\u00e4tze auf unserem Gel\u00e4nde wurden umweltgerecht hergestellt. Inzwischen haben wir ein Gel\u00e4nde, dessen Erscheinungsbild sich durchaus sehen lassen kann.<\/p>\n<p>Der Steg, der noch aus der Zeit der Kleingartenkolonie stammt, wurde mehrfach von unseren Mitgliedern selbst repariert (zuletzt Anfang 2009). Seine endg\u00fcltige Gr\u00f6\u00dfe bekam er 1980, nachdem die Bojen in der &#8222;Scharfen Lanke&#8220; entfernt werden mussten. Eine von einem Kran befahrbare Plattform wurde 1983 gebaut, um das Slippen von Kielbooten zu erm\u00f6glichen, denn unsere Slipanlage, die 1973 gebaut wurde, konnte nur Boote mit geringem Tiefgang und einem Gewicht von max. 2t bew\u00e4ltigen. Inzwischen ist auch diese Anlage erneuert worden und wir k\u00f6nnen Boote mit einem Gewicht bis zu 3t selbst slippen.<\/p>\n<p>Als Seglerverein sind wir nat\u00fcrlich sehr stark daran interessiert, dass sich unsere Mitglieder und unsere G\u00e4ste umweltfreundlich verhalten. Wir haben deshalb au\u00dfer einer normalen &#8222;Hausordnung&#8220; auch eine &#8222;Umweltordnung&#8220;, die alle dazu anhalten soll, daran mitzuarbeiten, unser Gel\u00e4nde und das f\u00fcr unseren Sport so unentbehrliche Wasser sauber zu halten.<\/p>\n<p>Dank Umlagen bzw. Krediten unserer Mitglieder konnten wir am 29. Januar 2004 einen Vertrag zum Kauf unseres Gel\u00e4ndes beim Notar unterschreiben. Der gr\u00f6\u00dfte Teil unseres Gel\u00e4ndes (ca.3200 m\u00b2 von 4500 m\u00b2) ist vom Senat zu einem Sonderpreis gekauft. Damit ist der Bestand und der Standort unseres Vereines gesichert. Aufgrund eines langj\u00e4hrigen Pachtvertrages f\u00fcr die restlichen ca. 1200 m\u00b2 k\u00f6nnen wir auch \u00fcber dieses Gel\u00e4nde langfristig verf\u00fcgen.<\/p>\n","protected":false},"excerpt":{"rendered":"<p>Unsere Vereinsstruktur Unser Verein hat rund 90 Mitglieder, von denen rund 30 Kameraden aktive Mitglieder sind. Die restliche Anzahl von Mitgliedern sind Familienangeh\u00f6rige und F\u00f6rderer unseres Vereines, die einen geringen Beitrag bezahlen, um unseren Verein zu unterst\u00fctzen. Wir haben drei Mitglieder im gesch\u00e4ftsf\u00fchrenden Vorstand: Den 1. Vorsitzenden, den 2. Vorsitzenden (zugleich Schriftf\u00fchrer und Umweltschutzbeauftragter) sowie&#8230;<a class=\"read-more-link button\" href=\"https:\/\/svsl.de\/wordpress\/wir-ueber-uns\/\">Read more<\/a><\/p>\n","protected":false},"author":1,"featured_media":0,"parent":0,"menu_order":0,"comment_status":"closed","ping_status":"closed","template":"","meta":{"ngg_post_thumbnail":0,"footnotes":""},"class_list":["post-40","page","type-page","status-publish","hentry"],"yoast_head":"<!-- This site is optimized with the Yoast SEO plugin v27.4 - https:\/\/yoast.com\/product\/yoast-seo-wordpress\/ -->\n<title>Wir \u00fcber uns - SVSL<\/title>\n<meta name=\"description\" content=\"Der Seglerverein Scharfe Lanke e. V. an der Unterhavel bietet Fahrtensegeln, Regattasegeln und Kinder- und Jungendsegeln sowie Stegpl\u00e4tze.\" \/>\n<meta name=\"robots\" content=\"index, follow, max-snippet:-1, max-image-preview:large, max-video-preview:-1\" \/>\n<link rel=\"canonical\" href=\"https:\/\/svsl.de\/wordpress\/wir-ueber-uns\/\" \/>\n<meta property=\"og:locale\" content=\"de_DE\" \/>\n<meta property=\"og:type\" content=\"article\" \/>\n<meta property=\"og:title\" content=\"Wir \u00fcber uns - SVSL\" \/>\n<meta property=\"og:description\" content=\"Der Seglerverein Scharfe Lanke e. V. an der Unterhavel bietet Fahrtensegeln, Regattasegeln und Kinder- und Jungendsegeln sowie Stegpl\u00e4tze.\" \/>\n<meta property=\"og:url\" content=\"https:\/\/svsl.de\/wordpress\/wir-ueber-uns\/\" \/>\n<meta property=\"og:site_name\" content=\"SVSL\" \/>\n<meta property=\"article:modified_time\" content=\"2024-05-23T18:37:42+00:00\" \/>\n<meta property=\"og:image\" content=\"https:\/\/svsl.de\/wordpress\/wp-content\/uploads\/DSC07635A-1024x847.jpg\" \/>\n<meta name=\"twitter:card\" content=\"summary_large_image\" \/>\n<meta name=\"twitter:label1\" content=\"Gesch\u00e4tzte Lesezeit\" \/>\n\t<meta name=\"twitter:data1\" content=\"4\u00a0Minuten\" \/>\n<script type=\"application\/ld+json\" class=\"yoast-schema-graph\">{\"@context\":\"https:\\\/\\\/schema.org\",\"@graph\":[{\"@type\":\"WebPage\",\"@id\":\"https:\\\/\\\/svsl.de\\\/wordpress\\\/wir-ueber-uns\\\/\",\"url\":\"https:\\\/\\\/svsl.de\\\/wordpress\\\/wir-ueber-uns\\\/\",\"name\":\"Wir \u00fcber uns - SVSL\",\"isPartOf\":{\"@id\":\"https:\\\/\\\/svsl.de\\\/wordpress\\\/#website\"},\"primaryImageOfPage\":{\"@id\":\"https:\\\/\\\/svsl.de\\\/wordpress\\\/wir-ueber-uns\\\/#primaryimage\"},\"image\":{\"@id\":\"https:\\\/\\\/svsl.de\\\/wordpress\\\/wir-ueber-uns\\\/#primaryimage\"},\"thumbnailUrl\":\"https:\\\/\\\/svsl.de\\\/wordpress\\\/wp-content\\\/uploads\\\/DSC07635A-1024x847.jpg\",\"datePublished\":\"2022-05-07T15:48:16+00:00\",\"dateModified\":\"2024-05-23T18:37:42+00:00\",\"description\":\"Der Seglerverein Scharfe Lanke e. V. an der Unterhavel bietet Fahrtensegeln, Regattasegeln und Kinder- und Jungendsegeln sowie Stegpl\u00e4tze.\",\"breadcrumb\":{\"@id\":\"https:\\\/\\\/svsl.de\\\/wordpress\\\/wir-ueber-uns\\\/#breadcrumb\"},\"inLanguage\":\"de\",\"potentialAction\":[{\"@type\":\"ReadAction\",\"target\":[\"https:\\\/\\\/svsl.de\\\/wordpress\\\/wir-ueber-uns\\\/\"]}]},{\"@type\":\"ImageObject\",\"inLanguage\":\"de\",\"@id\":\"https:\\\/\\\/svsl.de\\\/wordpress\\\/wir-ueber-uns\\\/#primaryimage\",\"url\":\"https:\\\/\\\/svsl.de\\\/wordpress\\\/wp-content\\\/uploads\\\/DSC07635A-1024x847.jpg\",\"contentUrl\":\"https:\\\/\\\/svsl.de\\\/wordpress\\\/wp-content\\\/uploads\\\/DSC07635A-1024x847.jpg\"},{\"@type\":\"BreadcrumbList\",\"@id\":\"https:\\\/\\\/svsl.de\\\/wordpress\\\/wir-ueber-uns\\\/#breadcrumb\",\"itemListElement\":[{\"@type\":\"ListItem\",\"position\":1,\"name\":\"Startseite\",\"item\":\"https:\\\/\\\/svsl.de\\\/wordpress\\\/\"},{\"@type\":\"ListItem\",\"position\":2,\"name\":\"Wir \u00fcber uns\"}]},{\"@type\":\"WebSite\",\"@id\":\"https:\\\/\\\/svsl.de\\\/wordpress\\\/#website\",\"url\":\"https:\\\/\\\/svsl.de\\\/wordpress\\\/\",\"name\":\"SVSL\",\"description\":\"Segler Verein Scharfe Lanke e. V.\",\"publisher\":{\"@id\":\"https:\\\/\\\/svsl.de\\\/wordpress\\\/#organization\"},\"potentialAction\":[{\"@type\":\"SearchAction\",\"target\":{\"@type\":\"EntryPoint\",\"urlTemplate\":\"https:\\\/\\\/svsl.de\\\/wordpress\\\/?s={search_term_string}\"},\"query-input\":{\"@type\":\"PropertyValueSpecification\",\"valueRequired\":true,\"valueName\":\"search_term_string\"}}],\"inLanguage\":\"de\"},{\"@type\":\"Organization\",\"@id\":\"https:\\\/\\\/svsl.de\\\/wordpress\\\/#organization\",\"name\":\"SVSL - Segler Verein Scharfe Lanke e. V.\",\"url\":\"https:\\\/\\\/svsl.de\\\/wordpress\\\/\",\"logo\":{\"@type\":\"ImageObject\",\"inLanguage\":\"de\",\"@id\":\"https:\\\/\\\/svsl.de\\\/wordpress\\\/#\\\/schema\\\/logo\\\/image\\\/\",\"url\":\"https:\\\/\\\/svsl.de\\\/wordpress\\\/wp-content\\\/uploads\\\/2022\\\/05\\\/Logo.gif\",\"contentUrl\":\"https:\\\/\\\/svsl.de\\\/wordpress\\\/wp-content\\\/uploads\\\/2022\\\/05\\\/Logo.gif\",\"width\":250,\"height\":250,\"caption\":\"SVSL - Segler Verein Scharfe Lanke e. V.\"},\"image\":{\"@id\":\"https:\\\/\\\/svsl.de\\\/wordpress\\\/#\\\/schema\\\/logo\\\/image\\\/\"}}]}<\/script>\n<!-- \/ Yoast SEO plugin. -->","yoast_head_json":{"title":"Wir \u00fcber uns - SVSL","description":"Der Seglerverein Scharfe Lanke e. V. an der Unterhavel bietet Fahrtensegeln, Regattasegeln und Kinder- und Jungendsegeln sowie Stegpl\u00e4tze.","robots":{"index":"index","follow":"follow","max-snippet":"max-snippet:-1","max-image-preview":"max-image-preview:large","max-video-preview":"max-video-preview:-1"},"canonical":"https:\/\/svsl.de\/wordpress\/wir-ueber-uns\/","og_locale":"de_DE","og_type":"article","og_title":"Wir \u00fcber uns - SVSL","og_description":"Der Seglerverein Scharfe Lanke e. V. an der Unterhavel bietet Fahrtensegeln, Regattasegeln und Kinder- und Jungendsegeln sowie Stegpl\u00e4tze.","og_url":"https:\/\/svsl.de\/wordpress\/wir-ueber-uns\/","og_site_name":"SVSL","article_modified_time":"2024-05-23T18:37:42+00:00","og_image":[{"url":"https:\/\/svsl.de\/wordpress\/wp-content\/uploads\/DSC07635A-1024x847.jpg","type":"","width":"","height":""}],"twitter_card":"summary_large_image","twitter_misc":{"Gesch\u00e4tzte Lesezeit":"4\u00a0Minuten"},"schema":{"@context":"https:\/\/schema.org","@graph":[{"@type":"WebPage","@id":"https:\/\/svsl.de\/wordpress\/wir-ueber-uns\/","url":"https:\/\/svsl.de\/wordpress\/wir-ueber-uns\/","name":"Wir \u00fcber uns - SVSL","isPartOf":{"@id":"https:\/\/svsl.de\/wordpress\/#website"},"primaryImageOfPage":{"@id":"https:\/\/svsl.de\/wordpress\/wir-ueber-uns\/#primaryimage"},"image":{"@id":"https:\/\/svsl.de\/wordpress\/wir-ueber-uns\/#primaryimage"},"thumbnailUrl":"https:\/\/svsl.de\/wordpress\/wp-content\/uploads\/DSC07635A-1024x847.jpg","datePublished":"2022-05-07T15:48:16+00:00","dateModified":"2024-05-23T18:37:42+00:00","description":"Der Seglerverein Scharfe Lanke e. V. an der Unterhavel bietet Fahrtensegeln, Regattasegeln und Kinder- und Jungendsegeln sowie Stegpl\u00e4tze.","breadcrumb":{"@id":"https:\/\/svsl.de\/wordpress\/wir-ueber-uns\/#breadcrumb"},"inLanguage":"de","potentialAction":[{"@type":"ReadAction","target":["https:\/\/svsl.de\/wordpress\/wir-ueber-uns\/"]}]},{"@type":"ImageObject","inLanguage":"de","@id":"https:\/\/svsl.de\/wordpress\/wir-ueber-uns\/#primaryimage","url":"https:\/\/svsl.de\/wordpress\/wp-content\/uploads\/DSC07635A-1024x847.jpg","contentUrl":"https:\/\/svsl.de\/wordpress\/wp-content\/uploads\/DSC07635A-1024x847.jpg"},{"@type":"BreadcrumbList","@id":"https:\/\/svsl.de\/wordpress\/wir-ueber-uns\/#breadcrumb","itemListElement":[{"@type":"ListItem","position":1,"name":"Startseite","item":"https:\/\/svsl.de\/wordpress\/"},{"@type":"ListItem","position":2,"name":"Wir \u00fcber uns"}]},{"@type":"WebSite","@id":"https:\/\/svsl.de\/wordpress\/#website","url":"https:\/\/svsl.de\/wordpress\/","name":"SVSL","description":"Segler Verein Scharfe Lanke e. V.","publisher":{"@id":"https:\/\/svsl.de\/wordpress\/#organization"},"potentialAction":[{"@type":"SearchAction","target":{"@type":"EntryPoint","urlTemplate":"https:\/\/svsl.de\/wordpress\/?s={search_term_string}"},"query-input":{"@type":"PropertyValueSpecification","valueRequired":true,"valueName":"search_term_string"}}],"inLanguage":"de"},{"@type":"Organization","@id":"https:\/\/svsl.de\/wordpress\/#organization","name":"SVSL - Segler Verein Scharfe Lanke e. V.","url":"https:\/\/svsl.de\/wordpress\/","logo":{"@type":"ImageObject","inLanguage":"de","@id":"https:\/\/svsl.de\/wordpress\/#\/schema\/logo\/image\/","url":"https:\/\/svsl.de\/wordpress\/wp-content\/uploads\/2022\/05\/Logo.gif","contentUrl":"https:\/\/svsl.de\/wordpress\/wp-content\/uploads\/2022\/05\/Logo.gif","width":250,"height":250,"caption":"SVSL - Segler Verein Scharfe Lanke e. V."},"image":{"@id":"https:\/\/svsl.de\/wordpress\/#\/schema\/logo\/image\/"}}]}},"_links":{"self":[{"href":"https:\/\/svsl.de\/wordpress\/wp-json\/wp\/v2\/pages\/40","targetHints":{"allow":["GET"]}}],"collection":[{"href":"https:\/\/svsl.de\/wordpress\/wp-json\/wp\/v2\/pages"}],"about":[{"href":"https:\/\/svsl.de\/wordpress\/wp-json\/wp\/v2\/types\/page"}],"author":[{"embeddable":true,"href":"https:\/\/svsl.de\/wordpress\/wp-json\/wp\/v2\/users\/1"}],"replies":[{"embeddable":true,"href":"https:\/\/svsl.de\/wordpress\/wp-json\/wp\/v2\/comments?post=40"}],"version-history":[{"count":10,"href":"https:\/\/svsl.de\/wordpress\/wp-json\/wp\/v2\/pages\/40\/revisions"}],"predecessor-version":[{"id":737,"href":"https:\/\/svsl.de\/wordpress\/wp-json\/wp\/v2\/pages\/40\/revisions\/737"}],"wp:attachment":[{"href":"https:\/\/svsl.de\/wordpress\/wp-json\/wp\/v2\/media?parent=40"}],"curies":[{"name":"wp","href":"https:\/\/api.w.org\/{rel}","templated":true}]}}