{"id":38,"date":"2022-05-07T18:24:35","date_gmt":"2022-05-07T16:24:35","guid":{"rendered":"http:\/\/svsl.de\/wordpress\/?page_id=38"},"modified":"2026-04-14T21:22:33","modified_gmt":"2026-04-14T19:22:33","slug":"termine","status":"publish","type":"page","link":"https:\/\/svsl.de\/wordpress\/termine\/","title":{"rendered":"Termine"},"content":{"rendered":"<table class=\"alignleft\" style=\"width: 100%; border-style: dotted; border-color: #000000; height: 346px;\" border=\"1\" cellpadding=\"3\">\n<tbody>\n<tr>\n<td style=\"width: 12.6644%;\">17.04.2026,<br \/>\n18:00 Uhr<\/td>\n<td style=\"width: 25.4709%;\">Kl\u00f6nschnack im SVSL<\/td>\n<td style=\"width: 61.1313%;\">Mit belegten Br\u00f6tchen und Getr\u00e4nken wollen wir uns treffen und die neue Saison begr\u00fc\u00dfen<\/td>\n<\/tr>\n<tr style=\"height: 48px;\">\n<td style=\"width: 12.6644%; height: 48px;\">18.04.26,<br \/>\n10:00 Uhr<\/td>\n<td style=\"width: 25.4709%; height: 48px;\">Ansegeln im SVSL<\/td>\n<td style=\"width: 61.1313%; height: 48px;\">Treffpunkt: Am Flaggenmast<\/td>\n<\/tr>\n<tr style=\"height: 10px;\">\n<td style=\"width: 12.6644%; height: 10px;\">18.04.26,<br \/>\n11:00 Uhr<\/td>\n<td style=\"width: 25.4709%; height: 10px;\">Ansegeln im Revier Unterhavel &amp; Wannsee<\/td>\n<td style=\"width: 61.1313%; height: 10px;\">Diesmal beim Segler-Club Oberspree e.V., Sakrower Kirchweg 73, 14089 Berlin-Kladow<br \/>\nMehr unter: <a href=\"https:\/\/saisonauftakt.knerler.de\/\">https:\/\/saisonauftakt.knerler.de\/<\/a><\/td>\n<\/tr>\n<tr>\n<td style=\"width: 12.6644%;\">09.05.26,<br \/>\n10:00 Uhr<\/td>\n<td style=\"width: 25.4709%;\">Arbeitsdienst<\/td>\n<td style=\"width: 61.1313%;\">Weitere Informationen folgen \u00fcber die App<\/td>\n<\/tr>\n<tr>\n<td style=\"width: 12.6644%;\">29.05.26,<br \/>\n18:00 Uhr<\/td>\n<td style=\"width: 25.4709%;\">Fingerfood-Abend<\/td>\n<td style=\"width: 61.1313%;\">Info und Einladung folgen per E-Mail<\/td>\n<\/tr>\n<tr style=\"height: 48px;\">\n<td style=\"width: 12.6644%; height: 48px;\">04.07.26,<br \/>\n10:00 Uhr<\/td>\n<td style=\"width: 25.4709%; height: 48px;\">Aufbau Sommerfest (Teil 1)<\/td>\n<td style=\"width: 61.1313%; height: 48px;\">Wir bereiten auf dem Gel\u00e4nde alles gemeinsam f\u00fcr das Sommerfest vor. Jede Hand wird gebraucht!<\/td>\n<\/tr>\n<tr style=\"height: 48px;\">\n<td style=\"width: 12.6644%; height: 48px;\">11.07.26,<br \/>\n10:00 Uhr<\/td>\n<td style=\"width: 25.4709%; height: 48px;\">Aufbau Sommerfest (Teil 2)<\/td>\n<td style=\"width: 61.1313%; height: 48px;\">Letzte gemeinsame Vorbereitungen f\u00fcr das Sommerfest. Jede Hand wird gebraucht!<\/td>\n<\/tr>\n<tr style=\"height: 48px;\">\n<td style=\"width: 12.6644%; height: 48px;\">11.07.26,<br \/>\n18:00 Uhr<\/td>\n<td style=\"width: 25.4709%; height: 48px;\"><strong>Sommerfest im SVSL<\/strong><\/td>\n<td style=\"width: 61.1313%; height: 48px;\">Sommerfest mit Gegrilltem, Fassbier, etc. F\u00fcr gute Musik sorgt wieder DJ Ren\u00e9. G\u00e4ste d\u00fcrft Ihr gerne mitbringen!<\/td>\n<\/tr>\n<tr style=\"height: 48px;\">\n<td style=\"width: 12.6644%; height: 48px;\">12.07.26,<br \/>\n11:00 Uhr<\/td>\n<td style=\"width: 25.4709%; height: 48px;\">Abbau Sommerfest<\/td>\n<td style=\"width: 61.1313%; height: 48px;\">Gemeinsames Aufr\u00e4umen nach dem Sommerfest. Jede Hand wird gebraucht!<\/td>\n<\/tr>\n<tr style=\"height: 48px;\">\n<td style=\"width: 12.6644%; height: 48px;\">10.10.26,<br \/>\n10:00 Uhr<\/td>\n<td style=\"width: 25.4709%; height: 48px;\">Evtl.: Absegeln im SVSL<\/td>\n<td style=\"width: 61.1313%; height: 48px;\">Treffpunkt: Am Flaggenmast. Termin ist vorl\u00e4ufig.<br \/>\nDanach eventuell &#8222;offizielles&#8220; Absegeln im Bezirk Unterhavel (steht noch nicht fest).<\/td>\n<\/tr>\n<tr style=\"height: 48px;\">\n<td style=\"width: 12.6644%; height: 48px;\">06.12.26,<br \/>\n12:00 Uhr<\/td>\n<td style=\"width: 25.4709%; height: 48px;\">Adventsgrillen<\/td>\n<td style=\"width: 61.1313%; height: 48px;\">Wir werfen zu Nikolaus den Grill an und es gibt hei\u00dfe Getr\u00e4nke<\/td>\n<\/tr>\n<\/tbody>\n<\/table>\n<p>&nbsp;<\/p>\n","protected":false},"excerpt":{"rendered":"<p>17.04.2026, 18:00 Uhr Kl\u00f6nschnack im SVSL Mit belegten Br\u00f6tchen und Getr\u00e4nken wollen wir uns treffen und die neue Saison begr\u00fc\u00dfen 18.04.26, 10:00 Uhr Ansegeln im SVSL Treffpunkt: Am Flaggenmast 18.04.26, 11:00 Uhr Ansegeln im Revier Unterhavel &amp; Wannsee Diesmal beim Segler-Club Oberspree e.V., Sakrower Kirchweg 73, 14089 Berlin-Kladow Mehr unter: https:\/\/saisonauftakt.knerler.de\/ 09.05.26, 10:00 Uhr Arbeitsdienst&#8230;<a class=\"read-more-link button\" href=\"https:\/\/svsl.de\/wordpress\/termine\/\">Read more<\/a><\/p>\n","protected":false},"author":1,"featured_media":0,"parent":0,"menu_order":0,"comment_status":"closed","ping_status":"closed","template":"","meta":{"ngg_post_thumbnail":0,"footnotes":""},"class_list":["post-38","page","type-page","status-publish","hentry"],"yoast_head":"<!-- This site is optimized with the Yoast SEO plugin v27.4 - https:\/\/yoast.com\/product\/yoast-seo-wordpress\/ -->\n<title>Termine - SVSL<\/title>\n<meta name=\"robots\" content=\"noindex, nofollow\" \/>\n<meta property=\"og:locale\" content=\"de_DE\" \/>\n<meta property=\"og:type\" content=\"article\" \/>\n<meta property=\"og:title\" content=\"Termine - SVSL\" \/>\n<meta property=\"og:description\" content=\"17.04.2026, 18:00 Uhr Kl\u00f6nschnack im SVSL Mit belegten Br\u00f6tchen und Getr\u00e4nken wollen wir uns treffen und die neue Saison begr\u00fc\u00dfen 18.04.26, 10:00 Uhr Ansegeln im SVSL Treffpunkt: Am Flaggenmast 18.04.26, 11:00 Uhr Ansegeln im Revier Unterhavel &amp; Wannsee Diesmal beim Segler-Club Oberspree e.V., Sakrower Kirchweg 73, 14089 Berlin-Kladow Mehr unter: https:\/\/saisonauftakt.knerler.de\/ 09.05.26, 10:00 Uhr Arbeitsdienst...Read more\" \/>\n<meta property=\"og:url\" content=\"https:\/\/svsl.de\/wordpress\/termine\/\" \/>\n<meta property=\"og:site_name\" content=\"SVSL\" \/>\n<meta property=\"article:modified_time\" content=\"2026-04-14T19:22:33+00:00\" \/>\n<meta name=\"twitter:card\" content=\"summary_large_image\" \/>\n<meta name=\"twitter:label1\" content=\"Gesch\u00e4tzte Lesezeit\" \/>\n\t<meta name=\"twitter:data1\" content=\"2\u00a0Minuten\" \/>\n<script type=\"application\/ld+json\" class=\"yoast-schema-graph\">{\"@context\":\"https:\\\/\\\/schema.org\",\"@graph\":[{\"@type\":\"WebPage\",\"@id\":\"https:\\\/\\\/svsl.de\\\/wordpress\\\/termine\\\/\",\"url\":\"https:\\\/\\\/svsl.de\\\/wordpress\\\/termine\\\/\",\"name\":\"Termine - SVSL\",\"isPartOf\":{\"@id\":\"https:\\\/\\\/svsl.de\\\/wordpress\\\/#website\"},\"datePublished\":\"2022-05-07T16:24:35+00:00\",\"dateModified\":\"2026-04-14T19:22:33+00:00\",\"breadcrumb\":{\"@id\":\"https:\\\/\\\/svsl.de\\\/wordpress\\\/termine\\\/#breadcrumb\"},\"inLanguage\":\"de\",\"potentialAction\":[{\"@type\":\"ReadAction\",\"target\":[\"https:\\\/\\\/svsl.de\\\/wordpress\\\/termine\\\/\"]}]},{\"@type\":\"BreadcrumbList\",\"@id\":\"https:\\\/\\\/svsl.de\\\/wordpress\\\/termine\\\/#breadcrumb\",\"itemListElement\":[{\"@type\":\"ListItem\",\"position\":1,\"name\":\"Startseite\",\"item\":\"https:\\\/\\\/svsl.de\\\/wordpress\\\/\"},{\"@type\":\"ListItem\",\"position\":2,\"name\":\"Termine\"}]},{\"@type\":\"WebSite\",\"@id\":\"https:\\\/\\\/svsl.de\\\/wordpress\\\/#website\",\"url\":\"https:\\\/\\\/svsl.de\\\/wordpress\\\/\",\"name\":\"SVSL\",\"description\":\"Segler Verein Scharfe Lanke e. V.\",\"publisher\":{\"@id\":\"https:\\\/\\\/svsl.de\\\/wordpress\\\/#organization\"},\"potentialAction\":[{\"@type\":\"SearchAction\",\"target\":{\"@type\":\"EntryPoint\",\"urlTemplate\":\"https:\\\/\\\/svsl.de\\\/wordpress\\\/?s={search_term_string}\"},\"query-input\":{\"@type\":\"PropertyValueSpecification\",\"valueRequired\":true,\"valueName\":\"search_term_string\"}}],\"inLanguage\":\"de\"},{\"@type\":\"Organization\",\"@id\":\"https:\\\/\\\/svsl.de\\\/wordpress\\\/#organization\",\"name\":\"SVSL - Segler Verein Scharfe Lanke e. V.\",\"url\":\"https:\\\/\\\/svsl.de\\\/wordpress\\\/\",\"logo\":{\"@type\":\"ImageObject\",\"inLanguage\":\"de\",\"@id\":\"https:\\\/\\\/svsl.de\\\/wordpress\\\/#\\\/schema\\\/logo\\\/image\\\/\",\"url\":\"https:\\\/\\\/svsl.de\\\/wordpress\\\/wp-content\\\/uploads\\\/2022\\\/05\\\/Logo.gif\",\"contentUrl\":\"https:\\\/\\\/svsl.de\\\/wordpress\\\/wp-content\\\/uploads\\\/2022\\\/05\\\/Logo.gif\",\"width\":250,\"height\":250,\"caption\":\"SVSL - Segler Verein Scharfe Lanke e. V.\"},\"image\":{\"@id\":\"https:\\\/\\\/svsl.de\\\/wordpress\\\/#\\\/schema\\\/logo\\\/image\\\/\"}}]}<\/script>\n<!-- \/ Yoast SEO plugin. -->","yoast_head_json":{"title":"Termine - SVSL","robots":{"index":"noindex","follow":"nofollow"},"og_locale":"de_DE","og_type":"article","og_title":"Termine - SVSL","og_description":"17.04.2026, 18:00 Uhr Kl\u00f6nschnack im SVSL Mit belegten Br\u00f6tchen und Getr\u00e4nken wollen wir uns treffen und die neue Saison begr\u00fc\u00dfen 18.04.26, 10:00 Uhr Ansegeln im SVSL Treffpunkt: Am Flaggenmast 18.04.26, 11:00 Uhr Ansegeln im Revier Unterhavel &amp; Wannsee Diesmal beim Segler-Club Oberspree e.V., Sakrower Kirchweg 73, 14089 Berlin-Kladow Mehr unter: https:\/\/saisonauftakt.knerler.de\/ 09.05.26, 10:00 Uhr Arbeitsdienst...Read more","og_url":"https:\/\/svsl.de\/wordpress\/termine\/","og_site_name":"SVSL","article_modified_time":"2026-04-14T19:22:33+00:00","twitter_card":"summary_large_image","twitter_misc":{"Gesch\u00e4tzte Lesezeit":"2\u00a0Minuten"},"schema":{"@context":"https:\/\/schema.org","@graph":[{"@type":"WebPage","@id":"https:\/\/svsl.de\/wordpress\/termine\/","url":"https:\/\/svsl.de\/wordpress\/termine\/","name":"Termine - SVSL","isPartOf":{"@id":"https:\/\/svsl.de\/wordpress\/#website"},"datePublished":"2022-05-07T16:24:35+00:00","dateModified":"2026-04-14T19:22:33+00:00","breadcrumb":{"@id":"https:\/\/svsl.de\/wordpress\/termine\/#breadcrumb"},"inLanguage":"de","potentialAction":[{"@type":"ReadAction","target":["https:\/\/svsl.de\/wordpress\/termine\/"]}]},{"@type":"BreadcrumbList","@id":"https:\/\/svsl.de\/wordpress\/termine\/#breadcrumb","itemListElement":[{"@type":"ListItem","position":1,"name":"Startseite","item":"https:\/\/svsl.de\/wordpress\/"},{"@type":"ListItem","position":2,"name":"Termine"}]},{"@type":"WebSite","@id":"https:\/\/svsl.de\/wordpress\/#website","url":"https:\/\/svsl.de\/wordpress\/","name":"SVSL","description":"Segler Verein Scharfe Lanke e. V.","publisher":{"@id":"https:\/\/svsl.de\/wordpress\/#organization"},"potentialAction":[{"@type":"SearchAction","target":{"@type":"EntryPoint","urlTemplate":"https:\/\/svsl.de\/wordpress\/?s={search_term_string}"},"query-input":{"@type":"PropertyValueSpecification","valueRequired":true,"valueName":"search_term_string"}}],"inLanguage":"de"},{"@type":"Organization","@id":"https:\/\/svsl.de\/wordpress\/#organization","name":"SVSL - Segler Verein Scharfe Lanke e. V.","url":"https:\/\/svsl.de\/wordpress\/","logo":{"@type":"ImageObject","inLanguage":"de","@id":"https:\/\/svsl.de\/wordpress\/#\/schema\/logo\/image\/","url":"https:\/\/svsl.de\/wordpress\/wp-content\/uploads\/2022\/05\/Logo.gif","contentUrl":"https:\/\/svsl.de\/wordpress\/wp-content\/uploads\/2022\/05\/Logo.gif","width":250,"height":250,"caption":"SVSL - Segler Verein Scharfe Lanke e. V."},"image":{"@id":"https:\/\/svsl.de\/wordpress\/#\/schema\/logo\/image\/"}}]}},"_links":{"self":[{"href":"https:\/\/svsl.de\/wordpress\/wp-json\/wp\/v2\/pages\/38","targetHints":{"allow":["GET"]}}],"collection":[{"href":"https:\/\/svsl.de\/wordpress\/wp-json\/wp\/v2\/pages"}],"about":[{"href":"https:\/\/svsl.de\/wordpress\/wp-json\/wp\/v2\/types\/page"}],"author":[{"embeddable":true,"href":"https:\/\/svsl.de\/wordpress\/wp-json\/wp\/v2\/users\/1"}],"replies":[{"embeddable":true,"href":"https:\/\/svsl.de\/wordpress\/wp-json\/wp\/v2\/comments?post=38"}],"version-history":[{"count":178,"href":"https:\/\/svsl.de\/wordpress\/wp-json\/wp\/v2\/pages\/38\/revisions"}],"predecessor-version":[{"id":909,"href":"https:\/\/svsl.de\/wordpress\/wp-json\/wp\/v2\/pages\/38\/revisions\/909"}],"wp:attachment":[{"href":"https:\/\/svsl.de\/wordpress\/wp-json\/wp\/v2\/media?parent=38"}],"curies":[{"name":"wp","href":"https:\/\/api.w.org\/{rel}","templated":true}]}}